{"id":9517,"date":"2024-11-01T06:28:08","date_gmt":"2024-11-01T06:28:08","guid":{"rendered":"https:\/\/www.united.org.au\/new\/?page_id=9517"},"modified":"2025-03-13T03:00:03","modified_gmt":"2025-03-13T03:00:03","slug":"nosotros","status":"publish","type":"page","link":"https:\/\/www.united.org.au\/new\/es\/nosotros\/","title":{"rendered":"Nosotros"},"content":{"rendered":"\t\t<div data-elementor-type=\"wp-page\" data-elementor-id=\"9517\" class=\"elementor elementor-9517\">\n\t\t\t\t\t\t<section class=\"elementor-section elementor-top-section elementor-element elementor-element-fbbbc7a elementor-section-boxed elementor-section-height-default elementor-section-height-default\" data-id=\"fbbbc7a\" data-element_type=\"section\">\n\t\t\t\t\t\t<div class=\"elementor-container elementor-column-gap-default\">\n\t\t\t\t\t<div class=\"elementor-column elementor-col-100 elementor-top-column elementor-element elementor-element-75ef44b\" data-id=\"75ef44b\" data-element_type=\"column\">\n\t\t\t<div class=\"elementor-widget-wrap elementor-element-populated\">\n\t\t\t\t\t\t<div class=\"elementor-element elementor-element-8524395 elementor-widget elementor-widget-heading\" data-id=\"8524395\" data-element_type=\"widget\" data-widget_type=\"heading.default\">\n\t\t\t\t<div class=\"elementor-widget-container\">\n\t\t\t<h2 class=\"elementor-heading-title elementor-size-default\">Bienvenidos a UNITED<\/h2>\t\t<\/div>\n\t\t\t\t<\/div>\n\t\t\t\t\t<\/div>\n\t\t<\/div>\n\t\t\t\t\t<\/div>\n\t\t<\/section>\n\t\t\t\t<section class=\"elementor-section elementor-top-section elementor-element elementor-element-70f92cd elementor-section-boxed elementor-section-height-default elementor-section-height-default\" data-id=\"70f92cd\" data-element_type=\"section\">\n\t\t\t\t\t\t<div class=\"elementor-container elementor-column-gap-default\">\n\t\t\t\t\t<div class=\"elementor-column elementor-col-100 elementor-top-column elementor-element elementor-element-297ac23\" data-id=\"297ac23\" data-element_type=\"column\">\n\t\t\t<div class=\"elementor-widget-wrap elementor-element-populated\">\n\t\t\t\t\t\t<div class=\"elementor-element elementor-element-4aad1a5 elementor-widget elementor-widget-spacer\" data-id=\"4aad1a5\" data-element_type=\"widget\" data-widget_type=\"spacer.default\">\n\t\t\t\t<div class=\"elementor-widget-container\">\n\t\t\t\t\t<div class=\"elementor-spacer\">\n\t\t\t<div class=\"elementor-spacer-inner\"><\/div>\n\t\t<\/div>\n\t\t\t\t<\/div>\n\t\t\t\t<\/div>\n\t\t\t\t\t<\/div>\n\t\t<\/div>\n\t\t\t\t\t<\/div>\n\t\t<\/section>\n\t\t\t\t<section class=\"elementor-section elementor-top-section elementor-element elementor-element-d2dd67a elementor-section-boxed elementor-section-height-default elementor-section-height-default\" data-id=\"d2dd67a\" data-element_type=\"section\">\n\t\t\t\t\t\t<div class=\"elementor-container elementor-column-gap-default\">\n\t\t\t\t\t<div class=\"elementor-column elementor-col-50 elementor-top-column elementor-element elementor-element-7bf182c\" data-id=\"7bf182c\" data-element_type=\"column\">\n\t\t\t<div class=\"elementor-widget-wrap elementor-element-populated\">\n\t\t\t\t\t\t<div class=\"elementor-element elementor-element-74b868c elementor-widget elementor-widget-text-editor\" data-id=\"74b868c\" data-element_type=\"widget\" data-widget_type=\"text-editor.default\">\n\t\t\t\t<div class=\"elementor-widget-container\">\n\t\t\t\t\t\t\t<p data-start=\"0\" data-end=\"391\"><strong>United<\/strong>, Spanish Latin American Welfare Centre, es la organizaci\u00f3n de referencia para las comunidades de habla hispana en Victoria. UNITED ha brindado servicios a las comunidades espa\u00f1olas y latinoamericanas por m\u00e1s de 40 a\u00f1os a trav\u00e9s de una variedad de programas y servicios, respondiendo a las necesidades cambiantes de las m\u00e1s de 20 comunidades hispanohablantes que residen en Victoria.<\/p><p data-start=\"393\" data-end=\"843\" data-is-last-node=\"\" data-is-only-node=\"\">Somos una organizaci\u00f3n comunitaria sin fines de lucro que ofrece servicios de cuidado a personas mayores y asistencia domiciliaria cultural y ling\u00fc\u00edsticamente apropiados. Entre nuestros servicios se incluyen apoyo a personas mayores en sus hogares, grupos de apoyo social, visitas de voluntarios, educaci\u00f3n comunitaria y proyectos de desarrollo comunitario, adem\u00e1s de un servicio de informaci\u00f3n y derivaci\u00f3n, y actividades de defensa y asesoramiento.<\/p>\t\t\t\t\t\t<\/div>\n\t\t\t\t<\/div>\n\t\t\t\t<div class=\"elementor-element elementor-element-845892b aleft elementor-widget elementor-widget-wgl-counter\" data-id=\"845892b\" data-element_type=\"widget\" data-widget_type=\"wgl-counter.default\">\n\t\t\t\t<div class=\"elementor-widget-container\">\n\t\t\t<div class=\"wgl-counter title-inline\"><div class=\"wgl-counter_wrap \"><div class=\"content-wrap\"><div class=\"wgl-counter_value-wrap\"><div class=\"wgl-counter__placeholder-wrap\"><span class=\"wgl-counter__placeholder\">45<\/span><span class=\"wgl-counter__value\" data-start-value=\"0\" data-end-value=\"45\" data-speed=\"2000\">0<\/span><\/div><span class=\"wgl-counter__suffix\">+<\/span><\/div><h3 class=\"wgl-counter_title\">A\u00d1OS SIRVIENDO A LA<br>COMUNIDAD HISPANOHABLANTE<\/h3><\/div><\/div><\/div>\t\t<\/div>\n\t\t\t\t<\/div>\n\t\t\t\t<div class=\"elementor-element elementor-element-72558d3 elementor-widget elementor-widget-spacer\" data-id=\"72558d3\" data-element_type=\"widget\" data-widget_type=\"spacer.default\">\n\t\t\t\t<div class=\"elementor-widget-container\">\n\t\t\t\t\t<div class=\"elementor-spacer\">\n\t\t\t<div class=\"elementor-spacer-inner\"><\/div>\n\t\t<\/div>\n\t\t\t\t<\/div>\n\t\t\t\t<\/div>\n\t\t\t\t\t<\/div>\n\t\t<\/div>\n\t\t\t\t<div class=\"elementor-column elementor-col-50 elementor-top-column elementor-element elementor-element-2b431b4\" data-id=\"2b431b4\" data-element_type=\"column\">\n\t\t\t<div class=\"elementor-widget-wrap elementor-element-populated\">\n\t\t\t\t\t\t<div class=\"elementor-element elementor-element-8bb0821 e-transform elementor-widget elementor-widget-image\" data-id=\"8bb0821\" data-element_type=\"widget\" data-settings=\"{&quot;_animation&quot;:&quot;none&quot;,&quot;_transform_rotateZ_effect&quot;:{&quot;unit&quot;:&quot;px&quot;,&quot;size&quot;:4,&quot;sizes&quot;:[]},&quot;_transform_rotateZ_effect_tablet&quot;:{&quot;unit&quot;:&quot;deg&quot;,&quot;size&quot;:&quot;&quot;,&quot;sizes&quot;:[]},&quot;_transform_rotateZ_effect_mobile&quot;:{&quot;unit&quot;:&quot;deg&quot;,&quot;size&quot;:&quot;&quot;,&quot;sizes&quot;:[]}}\" data-widget_type=\"image.default\">\n\t\t\t\t<div class=\"elementor-widget-container\">\n\t\t\t\t\t\t\t\t\t\t\t\t\t<img alt=\"\" fetchpriority=\"high\" decoding=\"async\" width=\"960\" height=\"639\" src=\"https:\/\/www.united.org.au\/new\/wp-content\/uploads\/2022\/10\/27654460_2105581783008945_8703519751092247325_n.jpg\" class=\"attachment-large size-large wp-image-8395\" alt=\"\" srcset=\"https:\/\/www.united.org.au\/new\/wp-content\/uploads\/2022\/10\/27654460_2105581783008945_8703519751092247325_n.jpg 960w, https:\/\/www.united.org.au\/new\/wp-content\/uploads\/2022\/10\/27654460_2105581783008945_8703519751092247325_n-300x200.jpg 300w, https:\/\/www.united.org.au\/new\/wp-content\/uploads\/2022\/10\/27654460_2105581783008945_8703519751092247325_n-768x511.jpg 768w\" sizes=\"(max-width: 960px) 100vw, 960px\" \/>\t\t\t\t\t\t\t\t\t\t\t\t\t<\/div>\n\t\t\t\t<\/div>\n\t\t\t\t\t<\/div>\n\t\t<\/div>\n\t\t\t\t\t<\/div>\n\t\t<\/section>\n\t\t\t\t<section class=\"elementor-section elementor-top-section elementor-element elementor-element-4cab15b elementor-section-boxed elementor-section-height-default elementor-section-height-default\" data-id=\"4cab15b\" data-element_type=\"section\">\n\t\t\t\t\t\t<div class=\"elementor-container elementor-column-gap-default\">\n\t\t\t\t\t<div class=\"elementor-column elementor-col-50 elementor-top-column elementor-element elementor-element-b19532a\" data-id=\"b19532a\" data-element_type=\"column\">\n\t\t\t<div class=\"elementor-widget-wrap\">\n\t\t\t\t\t\t\t<\/div>\n\t\t<\/div>\n\t\t\t\t<div class=\"elementor-column elementor-col-50 elementor-top-column elementor-element elementor-element-a1f0ed7\" data-id=\"a1f0ed7\" data-element_type=\"column\">\n\t\t\t<div class=\"elementor-widget-wrap elementor-element-populated\">\n\t\t\t\t\t\t<div class=\"elementor-element elementor-element-4554836 elementor-widget elementor-widget-heading\" data-id=\"4554836\" data-element_type=\"widget\" data-widget_type=\"heading.default\">\n\t\t\t\t<div class=\"elementor-widget-container\">\n\t\t\t<h6 class=\"elementor-heading-title elementor-size-default\">La Comunidad Hispano Hablante en Melbourne: Un Enfoque en el Cuidado de Personas Mayores<\/h6>\t\t<\/div>\n\t\t\t\t<\/div>\n\t\t\t\t<div class=\"elementor-element elementor-element-72779d1 elementor-widget elementor-widget-text-editor\" data-id=\"72779d1\" data-element_type=\"widget\" data-widget_type=\"text-editor.default\">\n\t\t\t\t<div class=\"elementor-widget-container\">\n\t\t\t\t\t\t\t<p>Melbourne es conocida por su diversidad cultural y alberga una comunidad de habla hispana din\u00e1mica y en expansi\u00f3n, compuesta por personas de diversos pa\u00edses de Am\u00e9rica Latina, as\u00ed como de Espa\u00f1a. Seg\u00fan el Censo Australiano de 2021, los grupos de habla hispana m\u00e1s grandes en Victoria provienen de Colombia, Chile, Argentina, El Salvador, M\u00e9xico y Espa\u00f1a. Estas comunidades no solo contribuyen a la riqueza cultural de la regi\u00f3n, sino que tambi\u00e9n tienen necesidades espec\u00edficas, especialmente en relaci\u00f3n con la poblaci\u00f3n que est\u00e1 envejeciendo.<\/p>\t\t\t\t\t\t<\/div>\n\t\t\t\t<\/div>\n\t\t\t\t\t<\/div>\n\t\t<\/div>\n\t\t\t\t\t<\/div>\n\t\t<\/section>\n\t\t\t\t<section class=\"elementor-section elementor-top-section elementor-element elementor-element-d47cf76 elementor-section-boxed elementor-section-height-default elementor-section-height-default\" data-id=\"d47cf76\" data-element_type=\"section\">\n\t\t\t\t\t\t<div class=\"elementor-container elementor-column-gap-default\">\n\t\t\t\t\t<div class=\"elementor-column elementor-col-100 elementor-top-column elementor-element elementor-element-0396f9f\" data-id=\"0396f9f\" data-element_type=\"column\">\n\t\t\t<div class=\"elementor-widget-wrap elementor-element-populated\">\n\t\t\t\t\t\t<div class=\"elementor-element elementor-element-34326cc elementor-widget elementor-widget-chart-builder\" data-id=\"34326cc\" data-element_type=\"widget\" data-widget_type=\"chart-builder.default\">\n\t\t\t\t<div class=\"elementor-widget-container\">\n\t\t\t<div class=\"chart-elementor-container\"><p class='wrong_shortcode_text' style='color:red;'>Wrong shortcode initialized<\/p><\/div>\t\t<\/div>\n\t\t\t\t<\/div>\n\t\t\t\t\t<\/div>\n\t\t<\/div>\n\t\t\t\t\t<\/div>\n\t\t<\/section>\n\t\t\t\t<section class=\"elementor-section elementor-top-section elementor-element elementor-element-e391596 elementor-section-boxed elementor-section-height-default elementor-section-height-default\" data-id=\"e391596\" data-element_type=\"section\">\n\t\t\t\t\t\t<div class=\"elementor-container elementor-column-gap-default\">\n\t\t\t\t\t<div class=\"elementor-column elementor-col-100 elementor-top-column elementor-element elementor-element-ab1eb25\" data-id=\"ab1eb25\" data-element_type=\"column\">\n\t\t\t<div class=\"elementor-widget-wrap elementor-element-populated\">\n\t\t\t\t\t\t<div class=\"elementor-element elementor-element-4bd6336 elementor-widget elementor-widget-spacer\" data-id=\"4bd6336\" data-element_type=\"widget\" data-widget_type=\"spacer.default\">\n\t\t\t\t<div class=\"elementor-widget-container\">\n\t\t\t\t\t<div class=\"elementor-spacer\">\n\t\t\t<div class=\"elementor-spacer-inner\"><\/div>\n\t\t<\/div>\n\t\t\t\t<\/div>\n\t\t\t\t<\/div>\n\t\t\t\t<div class=\"elementor-element elementor-element-4053a79 elementor-widget elementor-widget-heading\" data-id=\"4053a79\" data-element_type=\"widget\" data-widget_type=\"heading.default\">\n\t\t\t\t<div class=\"elementor-widget-container\">\n\t\t\t<h6 class=\"elementor-heading-title elementor-size-default\">Crecimiento y Distribuci\u00f3n Geogr\u00e1fica de la Comunidad<\/h6>\t\t<\/div>\n\t\t\t\t<\/div>\n\t\t\t\t<div class=\"elementor-element elementor-element-bd644e9 elementor-widget elementor-widget-text-editor\" data-id=\"bd644e9\" data-element_type=\"widget\" data-widget_type=\"text-editor.default\">\n\t\t\t\t<div class=\"elementor-widget-container\">\n\t\t\t\t\t\t\t<p>El an\u00e1lisis de la poblaci\u00f3n de habla hispana en Victoria muestra una tendencia de crecimiento en varias \u00e1reas metropolitanas y suburbanas m\u00e1s all\u00e1 del centro de Melbourne. Suburbios como Casey, Brimbank, Melton y Wyndham presentan grandes concentraciones de residentes de habla hispana. Esto indica que la comunidad no se limita a \u00e1reas espec\u00edficas, sino que est\u00e1 distribuida por toda la regi\u00f3n, lo que resalta la necesidad de contar con servicios accesibles en diferentes ubicaciones.<\/p>\t\t\t\t\t\t<\/div>\n\t\t\t\t<\/div>\n\t\t\t\t<div class=\"elementor-element elementor-element-abb1af0 elementor-widget elementor-widget-spacer\" data-id=\"abb1af0\" data-element_type=\"widget\" data-widget_type=\"spacer.default\">\n\t\t\t\t<div class=\"elementor-widget-container\">\n\t\t\t\t\t<div class=\"elementor-spacer\">\n\t\t\t<div class=\"elementor-spacer-inner\"><\/div>\n\t\t<\/div>\n\t\t\t\t<\/div>\n\t\t\t\t<\/div>\n\t\t\t\t\t<\/div>\n\t\t<\/div>\n\t\t\t\t\t<\/div>\n\t\t<\/section>\n\t\t\t\t<section class=\"elementor-section elementor-top-section elementor-element elementor-element-4e1b9fc elementor-section-boxed elementor-section-height-default elementor-section-height-default\" data-id=\"4e1b9fc\" data-element_type=\"section\">\n\t\t\t\t\t\t<div class=\"elementor-container elementor-column-gap-default\">\n\t\t\t\t\t<div class=\"elementor-column elementor-col-66 elementor-top-column elementor-element elementor-element-1dacc8f\" data-id=\"1dacc8f\" data-element_type=\"column\">\n\t\t\t<div class=\"elementor-widget-wrap elementor-element-populated\">\n\t\t\t\t\t\t<div class=\"elementor-element elementor-element-efa0ea1 elementor-widget elementor-widget-heading\" data-id=\"efa0ea1\" data-element_type=\"widget\" data-widget_type=\"heading.default\">\n\t\t\t\t<div class=\"elementor-widget-container\">\n\t\t\t<h6 class=\"elementor-heading-title elementor-size-default\">La Importancia de United en el Apoyo a los Adultos Mayores de Habla Hispana<\/h6>\t\t<\/div>\n\t\t\t\t<\/div>\n\t\t\t\t<div class=\"elementor-element elementor-element-13da0a9 elementor-widget elementor-widget-text-editor\" data-id=\"13da0a9\" data-element_type=\"widget\" data-widget_type=\"text-editor.default\">\n\t\t\t\t<div class=\"elementor-widget-container\">\n\t\t\t\t\t\t\t<p>La tendencia de envejecimiento dentro de la comunidad de habla hispana en Victoria tambi\u00e9n es evidente. Los datos del censo muestran una cantidad considerable de personas de 60 a\u00f1os o m\u00e1s en esta comunidad.<\/p>\t\t\t\t\t\t<\/div>\n\t\t\t\t<\/div>\n\t\t\t\t\t<\/div>\n\t\t<\/div>\n\t\t\t\t<div class=\"elementor-column elementor-col-33 elementor-top-column elementor-element elementor-element-428752a\" data-id=\"428752a\" data-element_type=\"column\">\n\t\t\t<div class=\"elementor-widget-wrap elementor-element-populated\">\n\t\t\t\t\t\t<div class=\"elementor-element elementor-element-06333e7 elementor-widget elementor-widget-chart-builder\" data-id=\"06333e7\" data-element_type=\"widget\" data-widget_type=\"chart-builder.default\">\n\t\t\t\t<div class=\"elementor-widget-container\">\n\t\t\t<div class=\"chart-elementor-container\"><div class='ays-chart-container-google ays-chart-container-4' id='ays-chart-container6a04b7192da8a' data-id='6a04b7192da8a'><div class='ays-chart-header-container'><div class='ays-chart-charts-description ays-chart-charts-description6a04b7192da8a'><\/div><\/div><div class='ays-chart-charts-main-container ays-chart-charts-main-container6a04b7192da8a' id=ays-chart-pie_chart6a04b7192da8a data-type='pie_chart'><\/div><div class='ays-chart-actions-container'><div class='ays-chart-export-buttons' data-id='4'><\/div><\/div><\/div><\/div>\t\t<\/div>\n\t\t\t\t<\/div>\n\t\t\t\t\t<\/div>\n\t\t<\/div>\n\t\t\t\t\t<\/div>\n\t\t<\/section>\n\t\t\t\t<section class=\"elementor-section elementor-top-section elementor-element elementor-element-3aca551 elementor-section-boxed elementor-section-height-default elementor-section-height-default\" data-id=\"3aca551\" data-element_type=\"section\">\n\t\t\t\t\t\t<div class=\"elementor-container elementor-column-gap-default\">\n\t\t\t\t\t<div class=\"elementor-column elementor-col-33 elementor-top-column elementor-element elementor-element-9dd91c8\" data-id=\"9dd91c8\" data-element_type=\"column\">\n\t\t\t<div class=\"elementor-widget-wrap\">\n\t\t\t\t\t\t\t<\/div>\n\t\t<\/div>\n\t\t\t\t<div class=\"elementor-column elementor-col-33 elementor-top-column elementor-element elementor-element-e2a862e\" data-id=\"e2a862e\" data-element_type=\"column\">\n\t\t\t<div class=\"elementor-widget-wrap elementor-element-populated\">\n\t\t\t\t\t\t<div class=\"elementor-element elementor-element-51f96b2 elementor-widget elementor-widget-text-editor\" data-id=\"51f96b2\" data-element_type=\"widget\" data-widget_type=\"text-editor.default\">\n\t\t\t\t<div class=\"elementor-widget-container\">\n\t\t\t\t\t\t\t<p>A medida que esta poblaci\u00f3n envejece, enfrenta desaf\u00edos espec\u00edficos relacionados con las barreras del idioma y el acceso a servicios apropiados. En este contexto, <strong>United<\/strong> se posiciona como un proveedor clave de servicios de cuidado para adultos mayores de habla hispana en Melbourne. Como el \u00fanico proveedor de aged care 100% especializado en la comunidad hispana, United ofrece servicios personalizados que son inclusivos culturalmente y se brindan en el idioma nativo de sus clientes. El hecho de que el 100% de nuestro personal hable espa\u00f1ol garantiza que los clientes reciban un cuidado de alta calidad sin las barreras que podr\u00edan encontrar con otros proveedores de servicios.<\/p>\t\t\t\t\t\t<\/div>\n\t\t\t\t<\/div>\n\t\t\t\t\t<\/div>\n\t\t<\/div>\n\t\t\t\t<div class=\"elementor-column elementor-col-33 elementor-top-column elementor-element elementor-element-9c513b3\" data-id=\"9c513b3\" data-element_type=\"column\">\n\t\t\t<div class=\"elementor-widget-wrap\">\n\t\t\t\t\t\t\t<\/div>\n\t\t<\/div>\n\t\t\t\t\t<\/div>\n\t\t<\/section>\n\t\t\t\t<section class=\"elementor-section elementor-top-section elementor-element elementor-element-089d712 elementor-section-boxed elementor-section-height-default elementor-section-height-default\" data-id=\"089d712\" data-element_type=\"section\">\n\t\t\t\t\t\t<div class=\"elementor-container elementor-column-gap-default\">\n\t\t\t\t\t<div class=\"elementor-column elementor-col-100 elementor-top-column elementor-element elementor-element-509efa9\" data-id=\"509efa9\" data-element_type=\"column\">\n\t\t\t<div class=\"elementor-widget-wrap elementor-element-populated\">\n\t\t\t\t\t\t<div class=\"elementor-element elementor-element-c782f51 elementor-widget elementor-widget-spacer\" data-id=\"c782f51\" data-element_type=\"widget\" data-widget_type=\"spacer.default\">\n\t\t\t\t<div class=\"elementor-widget-container\">\n\t\t\t\t\t<div class=\"elementor-spacer\">\n\t\t\t<div class=\"elementor-spacer-inner\"><\/div>\n\t\t<\/div>\n\t\t\t\t<\/div>\n\t\t\t\t<\/div>\n\t\t\t\t<div class=\"elementor-element elementor-element-671ca03 elementor-widget elementor-widget-heading\" data-id=\"671ca03\" data-element_type=\"widget\" data-widget_type=\"heading.default\">\n\t\t\t\t<div class=\"elementor-widget-container\">\n\t\t\t<h4 class=\"elementor-heading-title elementor-size-default\">Un Enfoque Cultural y Ling\u00fc\u00edsticamente Inclusivo para el Cuidado de Personas Mayores<\/h4>\t\t<\/div>\n\t\t\t\t<\/div>\n\t\t\t\t<div class=\"elementor-element elementor-element-3722a57 elementor-widget elementor-widget-text-editor\" data-id=\"3722a57\" data-element_type=\"widget\" data-widget_type=\"text-editor.default\">\n\t\t\t\t<div class=\"elementor-widget-container\">\n\t\t\t\t\t\t\t<p>Para los adultos mayores de habla hispana, contar con un proveedor que no solo hable su idioma, sino que tambi\u00e9n entienda sus valores culturales y expectativas, es crucial para su bienestar. United se esfuerza por ofrecer un entorno de cuidado c\u00e1lido y familiar, donde las tradiciones culturales de sus clientes son respetadas y celebradas. Esto no solo mejora la calidad de vida de las personas mayores, sino que tambi\u00e9n les ayuda a mantener un sentido de identidad y pertenencia dentro de una comunidad que los valora y apoya.<\/p><p>En resumen, la comunidad de habla hispana en Victoria es diversa y est\u00e1 en crecimiento, con una proporci\u00f3n significativa de personas mayores que requieren servicios de cuidado especializados. United, con su enfoque \u00fanico en el cuidado de personas mayores para hispanohablantes, se posiciona como un recurso esencial para esta comunidad, asegurando que sus necesidades culturales y ling\u00fc\u00edsticas sean atendidas de manera integral.<\/p>\t\t\t\t\t\t<\/div>\n\t\t\t\t<\/div>\n\t\t\t\t<div class=\"elementor-element elementor-element-e135549 elementor-widget elementor-widget-spacer\" data-id=\"e135549\" data-element_type=\"widget\" data-widget_type=\"spacer.default\">\n\t\t\t\t<div class=\"elementor-widget-container\">\n\t\t\t\t\t<div class=\"elementor-spacer\">\n\t\t\t<div class=\"elementor-spacer-inner\"><\/div>\n\t\t<\/div>\n\t\t\t\t<\/div>\n\t\t\t\t<\/div>\n\t\t\t\t\t<\/div>\n\t\t<\/div>\n\t\t\t\t\t<\/div>\n\t\t<\/section>\n\t\t\t\t<section class=\"elementor-section elementor-top-section elementor-element elementor-element-4a6c4dd elementor-section-boxed elementor-section-height-default elementor-section-height-default\" data-id=\"4a6c4dd\" data-element_type=\"section\">\n\t\t\t\t\t\t<div class=\"elementor-container elementor-column-gap-default\">\n\t\t\t\t\t<div class=\"elementor-column elementor-col-100 elementor-top-column elementor-element elementor-element-df39f07\" data-id=\"df39f07\" data-element_type=\"column\">\n\t\t\t<div class=\"elementor-widget-wrap elementor-element-populated\">\n\t\t\t\t\t\t<div class=\"elementor-element elementor-element-9d6428a elementor-widget elementor-widget-text-editor\" data-id=\"9d6428a\" data-element_type=\"widget\" data-widget_type=\"text-editor.default\">\n\t\t\t\t<div class=\"elementor-widget-container\">\n\t\t\t\t\t\t\t<h4>Fuentes<\/h4><ul><li><h6>D<strong>atos del Censo Australiano 2021:<\/strong><\/h6>Se utilizaron datos sobre la poblaci\u00f3n de habla hispana en Victoria para el an\u00e1lisis demogr\u00e1fico por pa\u00edses (Pa\u00eds de nacimiento de las personas).<\/li><li><h6><strong>Gobierno de Victoria &#8211; Perfil de la Comunidad Latinoamericana:<\/strong><\/h6><a href=\"https:\/\/www.vic.gov.au\/latin-american-community-profile\">VicConnect<\/a>.<\/li><li><h6><strong>City of Melbourne \u2013 Atlas Comunitario y Perfil Ling\u00fc\u00edstico:<\/strong><\/h6><a href=\"https:\/\/profile.id.com.au\/melbourne\/language\">Atlas, Profile ID.<\/a><\/li><\/ul>\t\t\t\t\t\t<\/div>\n\t\t\t\t<\/div>\n\t\t\t\t\t<\/div>\n\t\t<\/div>\n\t\t\t\t\t<\/div>\n\t\t<\/section>\n\t\t\t\t<\/div>\n\t\t","protected":false},"excerpt":{"rendered":"<p>Bienvenidos a UNITED United, Spanish Latin American Welfare Centre, es la organizaci\u00f3n de referencia para las comunidades de habla hispana en Victoria. UNITED ha brindado servicios a las comunidades espa\u00f1olas y latinoamericanas por m\u00e1s de 40 a\u00f1os a trav\u00e9s de una variedad de programas y servicios, respondiendo a las necesidades cambiantes de las m\u00e1s de [&hellip;]<\/p>\n","protected":false},"author":1,"featured_media":0,"parent":0,"menu_order":0,"comment_status":"closed","ping_status":"closed","template":"","meta":{"_seopress_robots_primary_cat":"","_seopress_titles_title":"","_seopress_titles_desc":"","_seopress_robots_index":"","_seopress_analysis_target_kw":"","footnotes":""},"class_list":["post-9517","page","type-page","status-publish","hentry"],"_links":{"self":[{"href":"https:\/\/www.united.org.au\/new\/wp-json\/wp\/v2\/pages\/9517"}],"collection":[{"href":"https:\/\/www.united.org.au\/new\/wp-json\/wp\/v2\/pages"}],"about":[{"href":"https:\/\/www.united.org.au\/new\/wp-json\/wp\/v2\/types\/page"}],"author":[{"embeddable":true,"href":"https:\/\/www.united.org.au\/new\/wp-json\/wp\/v2\/users\/1"}],"replies":[{"embeddable":true,"href":"https:\/\/www.united.org.au\/new\/wp-json\/wp\/v2\/comments?post=9517"}],"version-history":[{"count":7,"href":"https:\/\/www.united.org.au\/new\/wp-json\/wp\/v2\/pages\/9517\/revisions"}],"predecessor-version":[{"id":9910,"href":"https:\/\/www.united.org.au\/new\/wp-json\/wp\/v2\/pages\/9517\/revisions\/9910"}],"wp:attachment":[{"href":"https:\/\/www.united.org.au\/new\/wp-json\/wp\/v2\/media?parent=9517"}],"curies":[{"name":"wp","href":"https:\/\/api.w.org\/{rel}","templated":true}]}}