{"id":9546,"date":"2024-11-07T05:11:20","date_gmt":"2024-11-07T05:11:20","guid":{"rendered":"https:\/\/www.united.org.au\/new\/?page_id=9546"},"modified":"2025-03-14T02:59:25","modified_gmt":"2025-03-14T02:59:25","slug":"contacto","status":"publish","type":"page","link":"https:\/\/www.united.org.au\/new\/es\/contacto\/","title":{"rendered":"Contacto"},"content":{"rendered":"\t\t<div data-elementor-type=\"wp-page\" data-elementor-id=\"9546\" class=\"elementor elementor-9546\">\n\t\t\t\t\t\t<section class=\"elementor-section elementor-top-section elementor-element elementor-element-2bc331d elementor-reverse-tablet elementor-reverse-mobile elementor-section-boxed elementor-section-height-default elementor-section-height-default\" data-id=\"2bc331d\" data-element_type=\"section\">\n\t\t\t\t\t\t<div class=\"elementor-container elementor-column-gap-default\">\n\t\t\t\t\t<div class=\"elementor-column elementor-col-50 elementor-top-column elementor-element elementor-element-5defa4e\" data-id=\"5defa4e\" data-element_type=\"column\">\n\t\t\t<div class=\"elementor-widget-wrap elementor-element-populated\">\n\t\t\t\t\t\t<div class=\"elementor-element elementor-element-dd2894b elementor-widget elementor-widget-wgl-image-layers\" data-id=\"dd2894b\" data-element_type=\"widget\" data-widget_type=\"wgl-image-layers.default\">\n\t\t\t\t<div class=\"elementor-widget-container\">\n\t\t\t<div class=\"wgl-image-layers\"><div class=\"img-layer_image-wrapper slide_up elementor-repeater-item-e17679c\"><div class=\"img-layer_item\"><div class=\"img-layer_image\" style=\"transition-delay: 600ms;\"><img decoding=\"async\" src=\"https:\/\/www.united.org.au\/new\/wp-content\/uploads\/2024\/04\/bgservices-ssg-2-e1713834373704.png\" alt=\"bgservices ssg 2\" title=\"bgservices ssg 2\"><\/div><\/div><\/div><div class=\"img-layer_image-wrapper zoom_in elementor-repeater-item-32879b5\"><div class=\"img-layer_item\"><div class=\"img-layer_image\" style=\"transition-delay: 1200ms;\"><img decoding=\"async\" src=\"http:\/\/www.united.org.au\/new\/wp-content\/uploads\/2022\/09\/logotransp.png\" alt=\"logotransp\" title=\"logotransp\"><\/div><\/div><\/div><\/div>\t\t<\/div>\n\t\t\t\t<\/div>\n\t\t\t\t\t<\/div>\n\t\t<\/div>\n\t\t\t\t<div class=\"elementor-column elementor-col-50 elementor-top-column elementor-element elementor-element-da787d5\" data-id=\"da787d5\" data-element_type=\"column\">\n\t\t\t<div class=\"elementor-widget-wrap elementor-element-populated\">\n\t\t\t\t\t\t<div class=\"elementor-element elementor-element-37d6dd2 aleft elementor-widget elementor-widget-wgl-double-headings\" data-id=\"37d6dd2\" data-element_type=\"widget\" data-widget_type=\"wgl-double-headings.default\">\n\t\t\t\t<div class=\"elementor-widget-container\">\n\t\t\t        <div class=\"wgl-double_heading\">                <div class=\"dbl__subtitle\"><span>Contactanos<\/span>                <\/div><h3 class=\"dbl__title-wrapper\"><span class=\"dbl__title dbl-title_1\">Escribenos<\/span><\/h3>        <\/div>\t\t<\/div>\n\t\t\t\t<\/div>\n\t\t\t\t<div class=\"elementor-element elementor-element-766ebf3 elementor-widget elementor-widget-text-editor\" data-id=\"766ebf3\" data-element_type=\"widget\" data-widget_type=\"text-editor.default\">\n\t\t\t\t<div class=\"elementor-widget-container\">\n\t\t\t\t\t\t\t<p>En United, estamos aqu\u00ed para ayudarte. Si tienes preguntas, necesitas informaci\u00f3n sobre nuestros servicios o deseas brindarnos tu retroalimentaci\u00f3n, no dudes en contactarnos. Completa el formulario a continuaci\u00f3n o utiliza los datos de contacto que aparecen aqu\u00ed para comunicarte con nosotros.<\/p><p>\u00a1Esperamos saber de ti!<\/p>\t\t\t\t\t\t<\/div>\n\t\t\t\t<\/div>\n\t\t\t\t<div class=\"elementor-element elementor-element-2dfd7c5 elementor-view-stacked aleft elementor-widget-icon-box wgl-icon-box elementor-shape-circle elementor-widget elementor-widget-wgl-info-box\" data-id=\"2dfd7c5\" data-element_type=\"widget\" data-widget_type=\"wgl-info-box.default\">\n\t\t\t\t<div class=\"elementor-widget-container\">\n\t\t\t<a class=\"wgl-infobox__link\" href=\"http:\/\/maps.google.com?saddr=Current+Location&#038;daddr=40.7219684,-73.9957024\" target=\"_blank\" rel=\"nofollow\"><\/a><div class=\"wgl-infobox\"><div class=\"wgl-infobox_wrapper wgl-layout-left\"><div class=\"media-wrapper icon-wrapper\"><span class=\"wgl-icon\" ><i class=\"icon elementor-icon flaticon flaticon-pin\" aria-hidden=\"true\"><\/i><\/span><\/div><div class=\"content_wrapper\"><div class=\"wgl-infobox-title_wrapper\"><h3 class=\"wgl-infobox_title\"><span class=\"wgl-infobox_title-idle\">Visitanos<\/span><\/h3><\/div><div class=\"wgl-infobox_content\"><p><a class=\"lineheight-20\" href=\"https:\/\/goo.gl\/maps\/eSo2FxKVdqeVVjt27\">Suite 112, 44-56 Hampstead Road, Maidstone 3012<\/a><\/p><\/div><\/div><\/div><\/div>\t\t<\/div>\n\t\t\t\t<\/div>\n\t\t\t\t<div class=\"elementor-element elementor-element-a3e8f03 elementor-widget elementor-widget-spacer\" data-id=\"a3e8f03\" data-element_type=\"widget\" data-widget_type=\"spacer.default\">\n\t\t\t\t<div class=\"elementor-widget-container\">\n\t\t\t\t\t<div class=\"elementor-spacer\">\n\t\t\t<div class=\"elementor-spacer-inner\"><\/div>\n\t\t<\/div>\n\t\t\t\t<\/div>\n\t\t\t\t<\/div>\n\t\t\t\t<div class=\"elementor-element elementor-element-451d362 elementor-view-stacked aleft elementor-widget-icon-box wgl-icon-box elementor-shape-circle elementor-widget elementor-widget-wgl-info-box\" data-id=\"451d362\" data-element_type=\"widget\" data-widget_type=\"wgl-info-box.default\">\n\t\t\t\t<div class=\"elementor-widget-container\">\n\t\t\t<a class=\"wgl-infobox__link\" href=\"mailto:bighearts.donation@mail.com\" target=\"_blank\" rel=\"nofollow\"><\/a><div class=\"wgl-infobox\"><div class=\"wgl-infobox_wrapper wgl-layout-left\"><div class=\"media-wrapper icon-wrapper\"><span class=\"wgl-icon\" ><i class=\"icon elementor-icon flaticon flaticon-paper-plane\" aria-hidden=\"true\"><\/i><\/span><\/div><div class=\"content_wrapper\"><div class=\"wgl-infobox-title_wrapper\"><h3 class=\"wgl-infobox_title\"><span class=\"wgl-infobox_title-idle\">Mandanos un email<\/span><\/h3><\/div><div class=\"wgl-infobox_content\"><p><a href=\"mailto:info@united.org.au\">info@united.org.au<\/a><\/p><\/div><\/div><\/div><\/div>\t\t<\/div>\n\t\t\t\t<\/div>\n\t\t\t\t<div class=\"elementor-element elementor-element-625287f elementor-widget elementor-widget-spacer\" data-id=\"625287f\" data-element_type=\"widget\" data-widget_type=\"spacer.default\">\n\t\t\t\t<div class=\"elementor-widget-container\">\n\t\t\t\t\t<div class=\"elementor-spacer\">\n\t\t\t<div class=\"elementor-spacer-inner\"><\/div>\n\t\t<\/div>\n\t\t\t\t<\/div>\n\t\t\t\t<\/div>\n\t\t\t\t<div class=\"elementor-element elementor-element-3d3362a elementor-view-stacked aleft elementor-widget-icon-box wgl-icon-box elementor-shape-circle elementor-widget elementor-widget-wgl-info-box\" data-id=\"3d3362a\" data-element_type=\"widget\" data-widget_type=\"wgl-info-box.default\">\n\t\t\t\t<div class=\"elementor-widget-container\">\n\t\t\t<a class=\"wgl-infobox__link\" href=\"tel:+1880555353505\" target=\"_blank\" rel=\"nofollow\"><\/a><div class=\"wgl-infobox\"><div class=\"wgl-infobox_wrapper wgl-layout-left\"><div class=\"media-wrapper icon-wrapper\"><span class=\"wgl-icon\" ><i class=\"icon elementor-icon flaticon flaticon-call\" aria-hidden=\"true\"><\/i><\/span><\/div><div class=\"content_wrapper\"><div class=\"wgl-infobox-title_wrapper\"><h3 class=\"wgl-infobox_title\"><span class=\"wgl-infobox_title-idle\">Llamanos<\/span><\/h3><\/div><div class=\"wgl-infobox_content\"><p><a href=\"tel:+610393182949\">+61 (03) 93182949<\/a><\/p><\/div><\/div><\/div><\/div>\t\t<\/div>\n\t\t\t\t<\/div>\n\t\t\t\t<div class=\"elementor-element elementor-element-2a08d62 elementor-widget elementor-widget-spacer\" data-id=\"2a08d62\" data-element_type=\"widget\" data-widget_type=\"spacer.default\">\n\t\t\t\t<div class=\"elementor-widget-container\">\n\t\t\t\t\t<div class=\"elementor-spacer\">\n\t\t\t<div class=\"elementor-spacer-inner\"><\/div>\n\t\t<\/div>\n\t\t\t\t<\/div>\n\t\t\t\t<\/div>\n\t\t\t\t\t<\/div>\n\t\t<\/div>\n\t\t\t\t\t<\/div>\n\t\t<\/section>\n\t\t\t\t<section class=\"elementor-section elementor-top-section elementor-element elementor-element-c4bd3ac elementor-section-boxed elementor-section-height-default elementor-section-height-default\" data-id=\"c4bd3ac\" data-element_type=\"section\">\n\t\t\t\t\t\t<div class=\"elementor-container elementor-column-gap-default\">\n\t\t\t\t\t<div class=\"elementor-column elementor-col-100 elementor-top-column elementor-element elementor-element-5cb68cb\" data-id=\"5cb68cb\" data-element_type=\"column\" data-settings=\"{&quot;background_background&quot;:&quot;classic&quot;}\">\n\t\t\t<div class=\"elementor-widget-wrap elementor-element-populated\">\n\t\t\t\t\t\t<div class=\"elementor-element elementor-element-bb64f64 elementor-widget elementor-widget-heading\" data-id=\"bb64f64\" data-element_type=\"widget\" data-widget_type=\"heading.default\">\n\t\t\t\t<div class=\"elementor-widget-container\">\n\t\t\t<h3 class=\"elementor-heading-title elementor-size-default\">Dejanos un mensaje<\/h3>\t\t<\/div>\n\t\t\t\t<\/div>\n\t\t\t\t<div class=\"elementor-element elementor-element-c679504 elementor-widget elementor-widget-text-editor\" data-id=\"c679504\" data-element_type=\"widget\" data-widget_type=\"text-editor.default\">\n\t\t\t\t<div class=\"elementor-widget-container\">\n\t\t\t\t\t\t\t<p style=\"margin-bottom: 6px;\">Tu direcci\u00f3n de correo electr\u00f3nico no ser\u00e1 publicada. Los campos obligatorios est\u00e1n marcados con *<\/p>\t\t\t\t\t\t<\/div>\n\t\t\t\t<\/div>\n\t\t\t\t<div class=\"elementor-element elementor-element-5b9a92b elementor-widget elementor-widget-html\" data-id=\"5b9a92b\" data-element_type=\"widget\" data-widget_type=\"html.default\">\n\t\t\t\t<div class=\"elementor-widget-container\">\n\t\t\t<script type=\"text\/javascript\" src=\"https:\/\/form.jotform.com\/jsform\/211751299892063\"><\/script>\t\t<\/div>\n\t\t\t\t<\/div>\n\t\t\t\t\t<\/div>\n\t\t<\/div>\n\t\t\t\t\t<\/div>\n\t\t<\/section>\n\t\t\t\t<section class=\"elementor-section elementor-top-section elementor-element elementor-element-3819862 elementor-section-full_width elementor-section-height-default elementor-section-height-default\" data-id=\"3819862\" data-element_type=\"section\">\n\t\t\t\t\t\t<div class=\"elementor-container elementor-column-gap-no\">\n\t\t\t\t\t<div class=\"elementor-column elementor-col-100 elementor-top-column elementor-element elementor-element-7aa6212\" data-id=\"7aa6212\" data-element_type=\"column\" data-settings=\"{&quot;background_background&quot;:&quot;classic&quot;}\">\n\t\t\t<div class=\"elementor-widget-wrap elementor-element-populated\">\n\t\t\t\t\t<div class=\"elementor-background-overlay\"><\/div>\n\t\t\t\t\t\t<div class=\"elementor-element elementor-element-30d91ce elementor-widget elementor-widget-google_maps\" data-id=\"30d91ce\" data-element_type=\"widget\" data-widget_type=\"google_maps.default\">\n\t\t\t\t<div class=\"elementor-widget-container\">\n\t\t\t\t\t<div class=\"elementor-custom-embed\">\n\t\t\t<iframe loading=\"lazy\"\n\t\t\t\t\tsrc=\"https:\/\/www.google.com\/maps\/embed\/v1\/place?key=AIzaSyAGzQ5evsvObBYc2FIOdE6e6Ik499EDZM4&#038;q=Suite%20112%2C%2044-56%20Hampstead%20Road%2C%20Maidstone%203012&#038;zoom=13\"\n\t\t\t\t\ttitle=\"Suite 112, 44-56 Hampstead Road, Maidstone 3012\"\n\t\t\t\t\taria-label=\"Suite 112, 44-56 Hampstead Road, Maidstone 3012\"\n\t\t\t><\/iframe>\n\t\t<\/div>\n\t\t\t\t<\/div>\n\t\t\t\t<\/div>\n\t\t\t\t\t<\/div>\n\t\t<\/div>\n\t\t\t\t\t<\/div>\n\t\t<\/section>\n\t\t\t\t<\/div>\n\t\t","protected":false},"excerpt":{"rendered":"<p>Contactanos Escribenos En United, estamos aqu\u00ed para ayudarte. Si tienes preguntas, necesitas informaci\u00f3n sobre nuestros servicios o deseas brindarnos tu retroalimentaci\u00f3n, no dudes en contactarnos. Completa el formulario a continuaci\u00f3n o utiliza los datos de contacto que aparecen aqu\u00ed para comunicarte con nosotros. \u00a1Esperamos saber de ti! Visitanos Suite 112, 44-56 Hampstead Road, Maidstone 3012 [&hellip;]<\/p>\n","protected":false},"author":1,"featured_media":0,"parent":0,"menu_order":0,"comment_status":"closed","ping_status":"closed","template":"","meta":{"_seopress_robots_primary_cat":"","_seopress_titles_title":"","_seopress_titles_desc":"","_seopress_robots_index":"","_seopress_analysis_target_kw":"","footnotes":""},"class_list":["post-9546","page","type-page","status-publish","hentry"],"_links":{"self":[{"href":"https:\/\/www.united.org.au\/new\/wp-json\/wp\/v2\/pages\/9546"}],"collection":[{"href":"https:\/\/www.united.org.au\/new\/wp-json\/wp\/v2\/pages"}],"about":[{"href":"https:\/\/www.united.org.au\/new\/wp-json\/wp\/v2\/types\/page"}],"author":[{"embeddable":true,"href":"https:\/\/www.united.org.au\/new\/wp-json\/wp\/v2\/users\/1"}],"replies":[{"embeddable":true,"href":"https:\/\/www.united.org.au\/new\/wp-json\/wp\/v2\/comments?post=9546"}],"version-history":[{"count":10,"href":"https:\/\/www.united.org.au\/new\/wp-json\/wp\/v2\/pages\/9546\/revisions"}],"predecessor-version":[{"id":10148,"href":"https:\/\/www.united.org.au\/new\/wp-json\/wp\/v2\/pages\/9546\/revisions\/10148"}],"wp:attachment":[{"href":"https:\/\/www.united.org.au\/new\/wp-json\/wp\/v2\/media?parent=9546"}],"curies":[{"name":"wp","href":"https:\/\/api.w.org\/{rel}","templated":true}]}}