{"id":9554,"date":"2024-11-07T05:14:31","date_gmt":"2024-11-07T05:14:31","guid":{"rendered":"https:\/\/www.united.org.au\/new\/?page_id=9554"},"modified":"2024-11-07T05:16:17","modified_gmt":"2024-11-07T05:16:17","slug":"involucrate","status":"publish","type":"page","link":"https:\/\/www.united.org.au\/new\/es\/involucrate\/","title":{"rendered":"Involucrate"},"content":{"rendered":"\t\t<div data-elementor-type=\"wp-page\" data-elementor-id=\"9554\" class=\"elementor elementor-9554\">\n\t\t\t\t\t\t<section class=\"elementor-section elementor-top-section elementor-element elementor-element-ddddf79 elementor-section-boxed elementor-section-height-default elementor-section-height-default\" data-id=\"ddddf79\" data-element_type=\"section\">\n\t\t\t\t\t\t<div class=\"elementor-container elementor-column-gap-default\">\n\t\t\t\t\t<div class=\"elementor-column elementor-col-33 elementor-top-column elementor-element elementor-element-72ed589\" data-id=\"72ed589\" data-element_type=\"column\">\n\t\t\t<div class=\"elementor-widget-wrap elementor-element-populated\">\n\t\t\t\t\t\t<div class=\"elementor-element elementor-element-65b3c46 aleft elementor-widget elementor-widget-wgl-double-headings\" data-id=\"65b3c46\" data-element_type=\"widget\" data-widget_type=\"wgl-double-headings.default\">\n\t\t\t\t<div class=\"elementor-widget-container\">\n\t\t\t        <div class=\"wgl-double_heading\">                <div class=\"dbl__subtitle\"><span>\u00a1\u00danete hoy!<\/span>                <\/div><h3 class=\"dbl__title-wrapper\"><span class=\"dbl__title dbl-title_1\">Contribuye a nuestra comunidad y crece con nosotros.<\/span><\/h3>        <\/div>\t\t<\/div>\n\t\t\t\t<\/div>\n\t\t\t\t\t<\/div>\n\t\t<\/div>\n\t\t\t\t<div class=\"elementor-column elementor-col-33 elementor-top-column elementor-element elementor-element-b0e36be\" data-id=\"b0e36be\" data-element_type=\"column\">\n\t\t\t<div class=\"elementor-widget-wrap elementor-element-populated\">\n\t\t\t\t\t\t<div class=\"elementor-element elementor-element-b045cc6 acenter elementor-view-stacked read_more_alignment-center button_animation_toggling animation_yes elementor-widget-icon-box wgl-icon-box elementor-shape-circle elementor-widget elementor-widget-wgl-service-1\" data-id=\"b045cc6\" data-element_type=\"widget\" data-widget_type=\"wgl-service-1.default\">\n\t\t\t\t<div class=\"elementor-widget-container\">\n\t\t\t            <a class=\"wgl-service_link\" href=\"\/services\/\"><\/a>        <div class=\"wgl-service-1\">\n            <div class=\"wgl-service_content-wrap\">\n                <div class=\"wgl-service_content\">\n                    <div class=\"media-wrapper icon-wrapper\"><span class=\"wgl-icon\" ><i class=\"icon elementor-icon far fa-address-card\" aria-hidden=\"true\"><\/i><\/span><\/div>                        <div class=\"wgl-service_subtitle\">Vacantes<\/div>                <\/div>\n            <\/div>\n        <\/div><div class=\"wgl-service_button-wrapper\"><div  class=\"wgl-service_button\"><i aria-hidden=\"true\" class=\"flaticon flaticon-right-arrow\"><\/i><\/div><\/div>\t\t<\/div>\n\t\t\t\t<\/div>\n\t\t\t\t\t<\/div>\n\t\t<\/div>\n\t\t\t\t<div class=\"elementor-column elementor-col-33 elementor-top-column elementor-element elementor-element-69aa6a9\" data-id=\"69aa6a9\" data-element_type=\"column\">\n\t\t\t<div class=\"elementor-widget-wrap elementor-element-populated\">\n\t\t\t\t\t\t<div class=\"elementor-element elementor-element-5cd3189 acenter elementor-view-stacked read_more_alignment-center button_animation_toggling animation_yes elementor-widget-icon-box wgl-icon-box elementor-shape-circle elementor-widget elementor-widget-wgl-service-1\" data-id=\"5cd3189\" data-element_type=\"widget\" data-widget_type=\"wgl-service-1.default\">\n\t\t\t\t<div class=\"elementor-widget-container\">\n\t\t\t            <a class=\"wgl-service_link\" href=\"\/services\/\"><\/a>        <div class=\"wgl-service-1\">\n            <div class=\"wgl-service_content-wrap\">\n                <div class=\"wgl-service_content\">\n                    <div class=\"media-wrapper icon-wrapper\"><span class=\"wgl-icon\" ><i class=\"icon elementor-icon flaticon flaticon-love-and-romance\" aria-hidden=\"true\"><\/i><\/span><\/div>                        <div class=\"wgl-service_subtitle\">Voluntario<\/div>                <\/div>\n            <\/div>\n        <\/div><div class=\"wgl-service_button-wrapper\"><div  class=\"wgl-service_button\"><i aria-hidden=\"true\" class=\"flaticon flaticon-right-arrow\"><\/i><\/div><\/div>\t\t<\/div>\n\t\t\t\t<\/div>\n\t\t\t\t\t<\/div>\n\t\t<\/div>\n\t\t\t\t\t<\/div>\n\t\t<\/section>\n\t\t\t\t<section class=\"elementor-section elementor-top-section elementor-element elementor-element-055bfbc elementor-section-boxed elementor-section-height-default elementor-section-height-default\" data-id=\"055bfbc\" data-element_type=\"section\">\n\t\t\t\t\t\t<div class=\"elementor-container elementor-column-gap-default\">\n\t\t\t\t\t<div class=\"elementor-column elementor-col-100 elementor-top-column elementor-element elementor-element-c0fa10a\" data-id=\"c0fa10a\" data-element_type=\"column\">\n\t\t\t<div class=\"elementor-widget-wrap elementor-element-populated\">\n\t\t\t\t\t\t<div class=\"elementor-element elementor-element-a3e399b elementor-widget elementor-widget-spacer\" data-id=\"a3e399b\" data-element_type=\"widget\" data-widget_type=\"spacer.default\">\n\t\t\t\t<div class=\"elementor-widget-container\">\n\t\t\t\t\t<div class=\"elementor-spacer\">\n\t\t\t<div class=\"elementor-spacer-inner\"><\/div>\n\t\t<\/div>\n\t\t\t\t<\/div>\n\t\t\t\t<\/div>\n\t\t\t\t\t<\/div>\n\t\t<\/div>\n\t\t\t\t\t<\/div>\n\t\t<\/section>\n\t\t\t\t<section class=\"elementor-section elementor-top-section elementor-element elementor-element-4e67c74 elementor-section-boxed elementor-section-height-default elementor-section-height-default\" data-id=\"4e67c74\" data-element_type=\"section\">\n\t\t\t\t\t\t<div class=\"elementor-container elementor-column-gap-default\">\n\t\t\t\t\t<div class=\"elementor-column elementor-col-33 elementor-top-column elementor-element elementor-element-b2f190b\" data-id=\"b2f190b\" data-element_type=\"column\">\n\t\t\t<div class=\"elementor-widget-wrap elementor-element-populated\">\n\t\t\t\t\t\t<div class=\"elementor-element elementor-element-e790d98 aleft elementor-widget elementor-widget-wgl-double-headings\" data-id=\"e790d98\" data-element_type=\"widget\" data-widget_type=\"wgl-double-headings.default\">\n\t\t\t\t<div class=\"elementor-widget-container\">\n\t\t\t        <div class=\"wgl-double_heading\">                <div class=\"dbl__subtitle\"><span>\u00a1Invol\u00facrate ahora!<\/span>                <\/div><h3 class=\"dbl__title-wrapper\"><span class=\"dbl__title dbl-title_1\">Apoya nuestra misi\u00f3n y ampl\u00eda nuestro impacto.<\/span><\/h3>        <\/div>\t\t<\/div>\n\t\t\t\t<\/div>\n\t\t\t\t\t<\/div>\n\t\t<\/div>\n\t\t\t\t<div class=\"elementor-column elementor-col-33 elementor-top-column elementor-element elementor-element-458970a\" data-id=\"458970a\" data-element_type=\"column\">\n\t\t\t<div class=\"elementor-widget-wrap elementor-element-populated\">\n\t\t\t\t\t\t<div class=\"elementor-element elementor-element-404508e acenter elementor-view-stacked read_more_alignment-center button_animation_toggling animation_yes elementor-widget-icon-box wgl-icon-box elementor-shape-circle elementor-widget elementor-widget-wgl-service-1\" data-id=\"404508e\" data-element_type=\"widget\" data-widget_type=\"wgl-service-1.default\">\n\t\t\t\t<div class=\"elementor-widget-container\">\n\t\t\t            <a class=\"wgl-service_link\" href=\"\/services\/\"><\/a>        <div class=\"wgl-service-1\">\n            <div class=\"wgl-service_content-wrap\">\n                <div class=\"wgl-service_content\">\n                    <div class=\"media-wrapper icon-wrapper\"><span class=\"wgl-icon\" ><i class=\"icon elementor-icon fas fa-handshake\" aria-hidden=\"true\"><\/i><\/span><\/div>                        <div class=\"wgl-service_subtitle\">Membres\u00eda<\/div>                <\/div>\n            <\/div>\n        <\/div><div class=\"wgl-service_button-wrapper\"><div  class=\"wgl-service_button\"><i aria-hidden=\"true\" class=\"flaticon flaticon-right-arrow\"><\/i><\/div><\/div>\t\t<\/div>\n\t\t\t\t<\/div>\n\t\t\t\t\t<\/div>\n\t\t<\/div>\n\t\t\t\t<div class=\"elementor-column elementor-col-33 elementor-top-column elementor-element elementor-element-2c54cb0\" data-id=\"2c54cb0\" data-element_type=\"column\">\n\t\t\t<div class=\"elementor-widget-wrap elementor-element-populated\">\n\t\t\t\t\t\t<div class=\"elementor-element elementor-element-94a9724 acenter elementor-view-stacked read_more_alignment-center button_animation_toggling animation_yes elementor-widget-icon-box wgl-icon-box elementor-shape-circle elementor-widget elementor-widget-wgl-service-1\" data-id=\"94a9724\" data-element_type=\"widget\" data-widget_type=\"wgl-service-1.default\">\n\t\t\t\t<div class=\"elementor-widget-container\">\n\t\t\t            <a class=\"wgl-service_link\" href=\"\/services\/\"><\/a>        <div class=\"wgl-service-1\">\n            <div class=\"wgl-service_content-wrap\">\n                <div class=\"wgl-service_content\">\n                    <div class=\"media-wrapper icon-wrapper\"><span class=\"wgl-icon\" ><i class=\"icon elementor-icon fas fa-donate\" aria-hidden=\"true\"><\/i><\/span><\/div>                        <div class=\"wgl-service_subtitle\">Donaciones<\/div>                <\/div>\n            <\/div>\n        <\/div><div class=\"wgl-service_button-wrapper\"><div  class=\"wgl-service_button\"><i aria-hidden=\"true\" class=\"flaticon flaticon-right-arrow\"><\/i><\/div><\/div>\t\t<\/div>\n\t\t\t\t<\/div>\n\t\t\t\t\t<\/div>\n\t\t<\/div>\n\t\t\t\t\t<\/div>\n\t\t<\/section>\n\t\t\t\t<\/div>\n\t\t","protected":false},"excerpt":{"rendered":"<p>\u00a1\u00danete hoy! Contribuye a nuestra comunidad y crece con nosotros. Vacantes Voluntario \u00a1Invol\u00facrate ahora! Apoya nuestra misi\u00f3n y ampl\u00eda nuestro impacto. Membres\u00eda Donaciones<\/p>\n","protected":false},"author":1,"featured_media":0,"parent":0,"menu_order":0,"comment_status":"closed","ping_status":"closed","template":"","meta":{"_seopress_robots_primary_cat":"","_seopress_titles_title":"","_seopress_titles_desc":"","_seopress_robots_index":"","_seopress_analysis_target_kw":"","footnotes":""},"class_list":["post-9554","page","type-page","status-publish","hentry"],"_links":{"self":[{"href":"https:\/\/www.united.org.au\/new\/wp-json\/wp\/v2\/pages\/9554"}],"collection":[{"href":"https:\/\/www.united.org.au\/new\/wp-json\/wp\/v2\/pages"}],"about":[{"href":"https:\/\/www.united.org.au\/new\/wp-json\/wp\/v2\/types\/page"}],"author":[{"embeddable":true,"href":"https:\/\/www.united.org.au\/new\/wp-json\/wp\/v2\/users\/1"}],"replies":[{"embeddable":true,"href":"https:\/\/www.united.org.au\/new\/wp-json\/wp\/v2\/comments?post=9554"}],"version-history":[{"count":4,"href":"https:\/\/www.united.org.au\/new\/wp-json\/wp\/v2\/pages\/9554\/revisions"}],"predecessor-version":[{"id":9558,"href":"https:\/\/www.united.org.au\/new\/wp-json\/wp\/v2\/pages\/9554\/revisions\/9558"}],"wp:attachment":[{"href":"https:\/\/www.united.org.au\/new\/wp-json\/wp\/v2\/media?parent=9554"}],"curies":[{"name":"wp","href":"https:\/\/api.w.org\/{rel}","templated":true}]}}