{"id":9684,"date":"2024-11-08T03:47:22","date_gmt":"2024-11-08T03:47:22","guid":{"rendered":"https:\/\/www.united.org.au\/new\/?page_id=9684"},"modified":"2025-03-14T03:45:59","modified_gmt":"2025-03-14T03:45:59","slug":"membresia","status":"publish","type":"page","link":"https:\/\/www.united.org.au\/new\/es\/membresia\/","title":{"rendered":"Membres\u00eda"},"content":{"rendered":"\t\t<div data-elementor-type=\"wp-page\" data-elementor-id=\"9684\" class=\"elementor elementor-9684\">\n\t\t\t\t\t\t<section class=\"elementor-section elementor-top-section elementor-element elementor-element-29a49bd elementor-section-boxed elementor-section-height-default elementor-section-height-default\" data-id=\"29a49bd\" data-element_type=\"section\">\n\t\t\t\t\t\t<div class=\"elementor-container elementor-column-gap-default\">\n\t\t\t\t\t<div class=\"elementor-column elementor-col-100 elementor-top-column elementor-element elementor-element-e46f874\" data-id=\"e46f874\" data-element_type=\"column\">\n\t\t\t<div class=\"elementor-widget-wrap elementor-element-populated\">\n\t\t\t\t\t\t<div class=\"elementor-element elementor-element-13eb119 aleft elementor-widget elementor-widget-wgl-double-headings\" data-id=\"13eb119\" data-element_type=\"widget\" data-widget_type=\"wgl-double-headings.default\">\n\t\t\t\t<div class=\"elementor-widget-container\">\n\t\t\t        <div class=\"wgl-double_heading\">                <div class=\"dbl__subtitle\"><span>\u00a1\u00danete a nuestra causa y ay\u00fadanos a retribuir a la comunidad!<\/span>                <\/div><h3 class=\"dbl__title-wrapper\"><span class=\"dbl__title dbl-title_1\">Hazte Miembro<\/span><\/h3>        <\/div>\t\t<\/div>\n\t\t\t\t<\/div>\n\t\t\t\t\t<\/div>\n\t\t<\/div>\n\t\t\t\t\t<\/div>\n\t\t<\/section>\n\t\t\t\t<section class=\"elementor-section elementor-top-section elementor-element elementor-element-7aef4c4 elementor-section-boxed elementor-section-height-default elementor-section-height-default\" data-id=\"7aef4c4\" data-element_type=\"section\">\n\t\t\t\t\t\t<div class=\"elementor-container elementor-column-gap-default\">\n\t\t\t\t\t<div class=\"elementor-column elementor-col-100 elementor-top-column elementor-element elementor-element-5c75707\" data-id=\"5c75707\" data-element_type=\"column\">\n\t\t\t<div class=\"elementor-widget-wrap elementor-element-populated\">\n\t\t\t\t\t\t<div class=\"elementor-element elementor-element-e4f957f elementor-widget elementor-widget-spacer\" data-id=\"e4f957f\" data-element_type=\"widget\" data-widget_type=\"spacer.default\">\n\t\t\t\t<div class=\"elementor-widget-container\">\n\t\t\t\t\t<div class=\"elementor-spacer\">\n\t\t\t<div class=\"elementor-spacer-inner\"><\/div>\n\t\t<\/div>\n\t\t\t\t<\/div>\n\t\t\t\t<\/div>\n\t\t\t\t\t<\/div>\n\t\t<\/div>\n\t\t\t\t\t<\/div>\n\t\t<\/section>\n\t\t\t\t<section class=\"elementor-section elementor-top-section elementor-element elementor-element-050817b elementor-section-boxed elementor-section-height-default elementor-section-height-default\" data-id=\"050817b\" data-element_type=\"section\">\n\t\t\t\t\t\t<div class=\"elementor-container elementor-column-gap-default\">\n\t\t\t\t\t<div class=\"elementor-column elementor-col-66 elementor-top-column elementor-element elementor-element-e904b49\" data-id=\"e904b49\" data-element_type=\"column\">\n\t\t\t<div class=\"elementor-widget-wrap elementor-element-populated\">\n\t\t\t\t\t\t<div class=\"elementor-element elementor-element-fb1f4a5 aleft elementor-widget-icon-box wgl-icon-box elementor-view-default elementor-widget elementor-widget-wgl-info-box\" data-id=\"fb1f4a5\" data-element_type=\"widget\" data-widget_type=\"wgl-info-box.default\">\n\t\t\t\t<div class=\"elementor-widget-container\">\n\t\t\t<div class=\"wgl-infobox\"><div class=\"wgl-infobox_wrapper wgl-layout-top\"><div class=\"media-wrapper icon-wrapper\"><\/div><div class=\"content_wrapper\"><div class=\"wgl-infobox-title_wrapper\"><\/div><div class=\"wgl-infobox_content\"><p data-start=\"139\" data-end=\"387\">\u00bfSab\u00edas que hay m\u00e1s de <strong data-start=\"162\" data-end=\"172\">43,000<\/strong> hispanohablantes en Victoria? Seg\u00fan el <strong data-start=\"212\" data-end=\"229\">Censo de 2021<\/strong>, esto representa un aumento de m\u00e1s del <strong data-start=\"269\" data-end=\"287\">19% desde 2016<\/strong>. La comunidad no solo est\u00e1 creciendo en n\u00famero, sino tambi\u00e9n en la diversidad de sus necesidades.<\/p><p data-start=\"389\" data-end=\"601\">Como organizaci\u00f3n sin fines de lucro, brindamos servicios comunitarios para todas las edades con la misi\u00f3n de mantener una comunidad saludable y resiliente. \u00a1Con tu apoyo, podemos seguir marcando la diferencia!<\/p><\/div><\/div><\/div><\/div>\t\t<\/div>\n\t\t\t\t<\/div>\n\t\t\t\t\t<\/div>\n\t\t<\/div>\n\t\t\t\t<div class=\"elementor-column elementor-col-33 elementor-top-column elementor-element elementor-element-b36d811\" data-id=\"b36d811\" data-element_type=\"column\">\n\t\t\t<div class=\"elementor-widget-wrap elementor-element-populated\">\n\t\t\t\t\t\t<div class=\"elementor-element elementor-element-851e274 elementor-widget elementor-widget-wgl-button\" data-id=\"851e274\" data-element_type=\"widget\" data-widget_type=\"wgl-button.default\">\n\t\t\t\t<div class=\"elementor-widget-container\">\n\t\t\t<div class=\"button-wrapper\"><a  class=\"wgl-button btn-size-lg \" role=\"button\" href=\"https:\/\/form.jotform.com\/unitedmelbourne\/membership-form\"><div class=\"button-content-wrapper \"><span class=\"wgl-button-text\">REG\u00cdSTRATE COMO MIEMBRO AQU\u00cd<\/span><\/div><\/a><\/div>\t\t<\/div>\n\t\t\t\t<\/div>\n\t\t\t\t\t<\/div>\n\t\t<\/div>\n\t\t\t\t\t<\/div>\n\t\t<\/section>\n\t\t\t\t<\/div>\n\t\t","protected":false},"excerpt":{"rendered":"<p>\u00a1\u00danete a nuestra causa y ay\u00fadanos a retribuir a la comunidad! Hazte Miembro \u00bfSab\u00edas que hay m\u00e1s de 43,000 hispanohablantes en Victoria? Seg\u00fan el Censo de 2021, esto representa un aumento de m\u00e1s del 19% desde 2016. La comunidad no solo est\u00e1 creciendo en n\u00famero, sino tambi\u00e9n en la diversidad de sus necesidades. Como organizaci\u00f3n [&hellip;]<\/p>\n","protected":false},"author":1,"featured_media":0,"parent":0,"menu_order":0,"comment_status":"closed","ping_status":"closed","template":"","meta":{"_seopress_robots_primary_cat":"","_seopress_titles_title":"","_seopress_titles_desc":"","_seopress_robots_index":"","_seopress_analysis_target_kw":"","footnotes":""},"class_list":["post-9684","page","type-page","status-publish","hentry"],"_links":{"self":[{"href":"https:\/\/www.united.org.au\/new\/wp-json\/wp\/v2\/pages\/9684"}],"collection":[{"href":"https:\/\/www.united.org.au\/new\/wp-json\/wp\/v2\/pages"}],"about":[{"href":"https:\/\/www.united.org.au\/new\/wp-json\/wp\/v2\/types\/page"}],"author":[{"embeddable":true,"href":"https:\/\/www.united.org.au\/new\/wp-json\/wp\/v2\/users\/1"}],"replies":[{"embeddable":true,"href":"https:\/\/www.united.org.au\/new\/wp-json\/wp\/v2\/comments?post=9684"}],"version-history":[{"count":10,"href":"https:\/\/www.united.org.au\/new\/wp-json\/wp\/v2\/pages\/9684\/revisions"}],"predecessor-version":[{"id":10154,"href":"https:\/\/www.united.org.au\/new\/wp-json\/wp\/v2\/pages\/9684\/revisions\/10154"}],"wp:attachment":[{"href":"https:\/\/www.united.org.au\/new\/wp-json\/wp\/v2\/media?parent=9684"}],"curies":[{"name":"wp","href":"https:\/\/api.w.org\/{rel}","templated":true}]}}