{"id":9695,"date":"2024-11-08T03:50:31","date_gmt":"2024-11-08T03:50:31","guid":{"rendered":"https:\/\/www.united.org.au\/new\/?page_id=9695"},"modified":"2024-11-08T04:51:46","modified_gmt":"2024-11-08T04:51:46","slug":"nuestros-servicios","status":"publish","type":"page","link":"https:\/\/www.united.org.au\/new\/es\/nuestros-servicios\/","title":{"rendered":"Nuestros Servicios"},"content":{"rendered":"\t\t<div data-elementor-type=\"wp-page\" data-elementor-id=\"9695\" class=\"elementor elementor-9695\">\n\t\t\t\t\t\t<section class=\"elementor-section elementor-top-section elementor-element elementor-element-ac38661 animated-fast elementor-section-boxed elementor-section-height-default elementor-section-height-default elementor-invisible\" data-id=\"ac38661\" data-element_type=\"section\" data-settings=\"{&quot;animation&quot;:&quot;fadeInLeft&quot;}\">\n\t\t\t\t\t\t<div class=\"elementor-container elementor-column-gap-default\">\n\t\t\t\t\t<div class=\"elementor-column elementor-col-50 elementor-top-column elementor-element elementor-element-3fdd05d\" data-id=\"3fdd05d\" data-element_type=\"column\">\n\t\t\t<div class=\"elementor-widget-wrap elementor-element-populated\">\n\t\t\t\t\t\t<div class=\"elementor-element elementor-element-26d8666 aleft elementor-widget elementor-widget-wgl-double-headings\" data-id=\"26d8666\" data-element_type=\"widget\" data-widget_type=\"wgl-double-headings.default\">\n\t\t\t\t<div class=\"elementor-widget-container\">\n\t\t\t        <div class=\"wgl-double_heading\">                <div class=\"dbl__subtitle\"><span>Cuidado de Personas Mayores<\/span>                <\/div><h4 class=\"dbl__title-wrapper\"><span class=\"dbl__title dbl-title_1\">Organizamos una amplia variedad de programas para personas mayores.<\/span><\/h4>        <\/div>\t\t<\/div>\n\t\t\t\t<\/div>\n\t\t\t\t\t<\/div>\n\t\t<\/div>\n\t\t\t\t<div class=\"elementor-column elementor-col-50 elementor-top-column elementor-element elementor-element-468ca9d\" data-id=\"468ca9d\" data-element_type=\"column\">\n\t\t\t<div class=\"elementor-widget-wrap elementor-element-populated\">\n\t\t\t\t\t\t<div class=\"elementor-element elementor-element-15736c0 elementor-widget elementor-widget-spacer\" data-id=\"15736c0\" data-element_type=\"widget\" data-widget_type=\"spacer.default\">\n\t\t\t\t<div class=\"elementor-widget-container\">\n\t\t\t\t\t<div class=\"elementor-spacer\">\n\t\t\t<div class=\"elementor-spacer-inner\"><\/div>\n\t\t<\/div>\n\t\t\t\t<\/div>\n\t\t\t\t<\/div>\n\t\t\t\t<div class=\"elementor-element elementor-element-7e47065 acenter elementor-widget elementor-widget-wgl-button\" data-id=\"7e47065\" data-element_type=\"widget\" data-widget_type=\"wgl-button.default\">\n\t\t\t\t<div class=\"elementor-widget-container\">\n\t\t\t<div class=\"button-wrapper\"><a  class=\"wgl-button btn-size-lg elementor-animation-grow\" role=\"button\" href=\"#\"><div class=\"button-content-wrapper \"><span class=\"wgl-button-text\">Solicitar m\u00e1s informaci\u00f3n<\/span><\/div><\/a><\/div>\t\t<\/div>\n\t\t\t\t<\/div>\n\t\t\t\t\t<\/div>\n\t\t<\/div>\n\t\t\t\t\t<\/div>\n\t\t<\/section>\n\t\t\t\t<section class=\"elementor-section elementor-top-section elementor-element elementor-element-e380ab1 elementor-section-boxed elementor-section-height-default elementor-section-height-default\" data-id=\"e380ab1\" data-element_type=\"section\">\n\t\t\t\t\t\t<div class=\"elementor-container elementor-column-gap-default\">\n\t\t\t\t\t<div class=\"elementor-column elementor-col-100 elementor-top-column elementor-element elementor-element-9ed8b82\" data-id=\"9ed8b82\" data-element_type=\"column\">\n\t\t\t<div class=\"elementor-widget-wrap elementor-element-populated\">\n\t\t\t\t\t\t<div class=\"elementor-element elementor-element-9e8caa3 elementor-widget elementor-widget-spacer\" data-id=\"9e8caa3\" data-element_type=\"widget\" data-widget_type=\"spacer.default\">\n\t\t\t\t<div class=\"elementor-widget-container\">\n\t\t\t\t\t<div class=\"elementor-spacer\">\n\t\t\t<div class=\"elementor-spacer-inner\"><\/div>\n\t\t<\/div>\n\t\t\t\t<\/div>\n\t\t\t\t<\/div>\n\t\t\t\t\t<\/div>\n\t\t<\/div>\n\t\t\t\t\t<\/div>\n\t\t<\/section>\n\t\t\t\t<section class=\"elementor-section elementor-top-section elementor-element elementor-element-a850e25 elementor-section-boxed elementor-section-height-default elementor-section-height-default elementor-invisible\" data-id=\"a850e25\" data-element_type=\"section\" data-settings=\"{&quot;animation&quot;:&quot;fadeInUp&quot;}\">\n\t\t\t\t\t\t<div class=\"elementor-container elementor-column-gap-default\">\n\t\t\t\t\t<div class=\"elementor-column elementor-col-33 elementor-top-column elementor-element elementor-element-920de65\" data-id=\"920de65\" data-element_type=\"column\" data-settings=\"{&quot;animation&quot;:&quot;none&quot;}\">\n\t\t\t<div class=\"elementor-widget-wrap elementor-element-populated\">\n\t\t\t\t\t\t<div class=\"elementor-element elementor-element-f8363cf acenter elementor-widget-image-box wgl-image-box elementor-widget elementor-widget-wgl-info-box\" data-id=\"f8363cf\" data-element_type=\"widget\" data-settings=\"{&quot;_animation&quot;:&quot;none&quot;}\" data-widget_type=\"wgl-info-box.default\">\n\t\t\t\t<div class=\"elementor-widget-container\">\n\t\t\t<a class=\"wgl-infobox__link\" href=\"http:\/\/www.united.org.au\/new\/faq\/\"><\/a><div class=\"wgl-infobox\"><div class=\"wgl-infobox_wrapper wgl-layout-top\"><div class=\"media-wrapper img-wrapper\"><figure class=\"wgl-image-box_img\"><span ><img alt=\"\" fetchpriority=\"high\" decoding=\"async\" width=\"360\" height=\"240\" src=\"https:\/\/www.united.org.au\/new\/wp-content\/uploads\/2022\/10\/home.jpg\" class=\"attachment-full size-full wp-image-8558\" alt=\"\" srcset=\"https:\/\/www.united.org.au\/new\/wp-content\/uploads\/2022\/10\/home.jpg 360w, https:\/\/www.united.org.au\/new\/wp-content\/uploads\/2022\/10\/home-300x200.jpg 300w\" sizes=\"(max-width: 360px) 100vw, 360px\" \/><\/span><\/figure><\/div><div class=\"content_wrapper\"><div class=\"wgl-infobox-title_wrapper\"><h3 class=\"wgl-infobox_title\"><span class=\"wgl-infobox_title-idle\">Paquetes de Atenci\u00f3n Domiciliaria<\/span><\/h3><\/div><div class=\"wgl-infobox_content\"><p>El Programa de Paquetes de Atenci\u00f3n Domiciliaria del Gobierno Australiano te ayuda a vivir de forma independiente en tu propio hogar durante el mayor tiempo posible.<\/p><\/div><div class=\"wgl-infobox-button_wrapper\"><div  class=\"wgl-infobox_button button-read-more\"><span>LEER M\u00c1S<\/span><\/div><\/div><\/div><\/div><\/div>\t\t<\/div>\n\t\t\t\t<\/div>\n\t\t\t\t\t<\/div>\n\t\t<\/div>\n\t\t\t\t<div class=\"elementor-column elementor-col-33 elementor-top-column elementor-element elementor-element-67165bb\" data-id=\"67165bb\" data-element_type=\"column\" data-settings=\"{&quot;animation&quot;:&quot;none&quot;}\">\n\t\t\t<div class=\"elementor-widget-wrap elementor-element-populated\">\n\t\t\t\t\t\t<div class=\"elementor-element elementor-element-d0e0725 acenter elementor-widget-image-box wgl-image-box elementor-widget elementor-widget-wgl-info-box\" data-id=\"d0e0725\" data-element_type=\"widget\" data-settings=\"{&quot;_animation&quot;:&quot;none&quot;}\" data-widget_type=\"wgl-info-box.default\">\n\t\t\t\t<div class=\"elementor-widget-container\">\n\t\t\t<a class=\"wgl-infobox__link\" href=\"http:\/\/www.united.org.au\/new\/faq\/\"><\/a><div class=\"wgl-infobox\"><div class=\"wgl-infobox_wrapper wgl-layout-top\"><div class=\"media-wrapper img-wrapper\"><figure class=\"wgl-image-box_img\"><span ><img decoding=\"async\" width=\"360\" height=\"240\" src=\"https:\/\/www.united.org.au\/new\/wp-content\/uploads\/2022\/10\/aged.jpg\" class=\"attachment-full size-full wp-image-8559\" alt=\"Friendly Visiting Programmes\" srcset=\"https:\/\/www.united.org.au\/new\/wp-content\/uploads\/2022\/10\/aged.jpg 360w, https:\/\/www.united.org.au\/new\/wp-content\/uploads\/2022\/10\/aged-300x200.jpg 300w\" sizes=\"(max-width: 360px) 100vw, 360px\" \/><\/span><\/figure><\/div><div class=\"content_wrapper\"><div class=\"wgl-infobox-title_wrapper\"><h3 class=\"wgl-infobox_title\"><span class=\"wgl-infobox_title-idle\">Visitas de Voluntarios<\/span><\/h3><\/div><div class=\"wgl-infobox_content\"><p>Los servicios de apoyo social pueden ayudarte a mantener una vida social activa mediante visitas a tu hogar o coordinando encuentros.<\/p><\/div><div class=\"wgl-infobox-button_wrapper\"><div  class=\"wgl-infobox_button button-read-more\"><span>LEER M\u00c1S<\/span><\/div><\/div><\/div><\/div><\/div>\t\t<\/div>\n\t\t\t\t<\/div>\n\t\t\t\t\t<\/div>\n\t\t<\/div>\n\t\t\t\t<div class=\"elementor-column elementor-col-33 elementor-top-column elementor-element elementor-element-280d544\" data-id=\"280d544\" data-element_type=\"column\" data-settings=\"{&quot;animation&quot;:&quot;none&quot;}\">\n\t\t\t<div class=\"elementor-widget-wrap elementor-element-populated\">\n\t\t\t\t\t\t<div class=\"elementor-element elementor-element-19277f9 acenter elementor-widget-image-box wgl-image-box elementor-widget elementor-widget-wgl-info-box\" data-id=\"19277f9\" data-element_type=\"widget\" data-settings=\"{&quot;_animation&quot;:&quot;none&quot;}\" data-widget_type=\"wgl-info-box.default\">\n\t\t\t\t<div class=\"elementor-widget-container\">\n\t\t\t<a class=\"wgl-infobox__link\" href=\"http:\/\/www.united.org.au\/new\/faq\/\"><\/a><div class=\"wgl-infobox\"><div class=\"wgl-infobox_wrapper wgl-layout-top\"><div class=\"media-wrapper img-wrapper\"><figure class=\"wgl-image-box_img\"><span ><img decoding=\"async\" width=\"360\" height=\"240\" src=\"https:\/\/www.united.org.au\/new\/wp-content\/uploads\/2022\/10\/retire.jpg\" class=\"attachment-full size-full wp-image-8560\" alt=\"Social Activity Groups\" srcset=\"https:\/\/www.united.org.au\/new\/wp-content\/uploads\/2022\/10\/retire.jpg 360w, https:\/\/www.united.org.au\/new\/wp-content\/uploads\/2022\/10\/retire-300x200.jpg 300w\" sizes=\"(max-width: 360px) 100vw, 360px\" \/><\/span><\/figure><\/div><div class=\"content_wrapper\"><div class=\"wgl-infobox-title_wrapper\"><h3 class=\"wgl-infobox_title\"><span class=\"wgl-infobox_title-idle\">Grupos de Actividades Sociales<\/span><\/h3><\/div><div class=\"wgl-infobox_content\"><p class=\"text-gray\">Mantente mental y f\u00edsicamente activo y socializa con personas que hablan tu idioma natal y comparten tu contexto cultural.<br \/><span class=\"cmpter-line-brack\"><\/span><\/p><\/div><div class=\"wgl-infobox-button_wrapper\"><div  class=\"wgl-infobox_button button-read-more\"><span>LEER M\u00c1S<\/span><\/div><\/div><\/div><\/div><\/div>\t\t<\/div>\n\t\t\t\t<\/div>\n\t\t\t\t\t<\/div>\n\t\t<\/div>\n\t\t\t\t\t<\/div>\n\t\t<\/section>\n\t\t\t\t<section class=\"elementor-section elementor-top-section elementor-element elementor-element-3826e2f elementor-section-boxed elementor-section-height-default elementor-section-height-default\" data-id=\"3826e2f\" data-element_type=\"section\">\n\t\t\t\t\t\t<div class=\"elementor-container elementor-column-gap-default\">\n\t\t\t\t\t<div class=\"elementor-column elementor-col-100 elementor-top-column elementor-element elementor-element-84c3d98\" data-id=\"84c3d98\" data-element_type=\"column\">\n\t\t\t<div class=\"elementor-widget-wrap elementor-element-populated\">\n\t\t\t\t\t\t<div class=\"elementor-element elementor-element-efab62a elementor-widget elementor-widget-spacer\" data-id=\"efab62a\" data-element_type=\"widget\" data-widget_type=\"spacer.default\">\n\t\t\t\t<div class=\"elementor-widget-container\">\n\t\t\t\t\t<div class=\"elementor-spacer\">\n\t\t\t<div class=\"elementor-spacer-inner\"><\/div>\n\t\t<\/div>\n\t\t\t\t<\/div>\n\t\t\t\t<\/div>\n\t\t\t\t\t<\/div>\n\t\t<\/div>\n\t\t\t\t\t<\/div>\n\t\t<\/section>\n\t\t\t\t<section class=\"elementor-section elementor-top-section elementor-element elementor-element-83b5112 elementor-section-boxed elementor-section-height-default elementor-section-height-default\" data-id=\"83b5112\" data-element_type=\"section\">\n\t\t\t\t\t\t<div class=\"elementor-container elementor-column-gap-default\">\n\t\t\t\t\t<div class=\"elementor-column elementor-col-100 elementor-top-column elementor-element elementor-element-da3d6d1\" data-id=\"da3d6d1\" data-element_type=\"column\">\n\t\t\t<div class=\"elementor-widget-wrap elementor-element-populated\">\n\t\t\t\t\t\t<div class=\"elementor-element elementor-element-2317fa4 elementor-widget elementor-widget-spacer\" data-id=\"2317fa4\" data-element_type=\"widget\" data-widget_type=\"spacer.default\">\n\t\t\t\t<div class=\"elementor-widget-container\">\n\t\t\t\t\t<div class=\"elementor-spacer\">\n\t\t\t<div class=\"elementor-spacer-inner\"><\/div>\n\t\t<\/div>\n\t\t\t\t<\/div>\n\t\t\t\t<\/div>\n\t\t\t\t\t<\/div>\n\t\t<\/div>\n\t\t\t\t\t<\/div>\n\t\t<\/section>\n\t\t\t\t<section class=\"elementor-section elementor-top-section elementor-element elementor-element-59d473d animated-fast elementor-section-boxed elementor-section-height-default elementor-section-height-default elementor-invisible\" data-id=\"59d473d\" data-element_type=\"section\" data-settings=\"{&quot;animation&quot;:&quot;slideInRight&quot;}\">\n\t\t\t\t\t\t<div class=\"elementor-container elementor-column-gap-default\">\n\t\t\t\t\t<div class=\"elementor-column elementor-col-50 elementor-top-column elementor-element elementor-element-d53e81c\" data-id=\"d53e81c\" data-element_type=\"column\">\n\t\t\t<div class=\"elementor-widget-wrap elementor-element-populated\">\n\t\t\t\t\t\t<div class=\"elementor-element elementor-element-e48f123 aleft elementor-widget elementor-widget-wgl-double-headings\" data-id=\"e48f123\" data-element_type=\"widget\" data-widget_type=\"wgl-double-headings.default\">\n\t\t\t\t<div class=\"elementor-widget-container\">\n\t\t\t        <div class=\"wgl-double_heading\">                <div class=\"dbl__subtitle\"><span>Servicios de Apoyo<\/span>                <\/div><h4 class=\"dbl__title-wrapper\"><span class=\"dbl__title dbl-title_1\">Ayuda Gratuita para la Comunidad Hispana<\/span><\/h4>        <\/div>\t\t<\/div>\n\t\t\t\t<\/div>\n\t\t\t\t\t<\/div>\n\t\t<\/div>\n\t\t\t\t<div class=\"elementor-column elementor-col-50 elementor-top-column elementor-element elementor-element-3c9a020\" data-id=\"3c9a020\" data-element_type=\"column\">\n\t\t\t<div class=\"elementor-widget-wrap elementor-element-populated\">\n\t\t\t\t\t\t<div class=\"elementor-element elementor-element-cb6b350 acenter elementor-widget-image-box wgl-image-box elementor-invisible elementor-widget elementor-widget-wgl-info-box\" data-id=\"cb6b350\" data-element_type=\"widget\" data-settings=\"{&quot;_animation&quot;:&quot;fadeInRight&quot;}\" data-widget_type=\"wgl-info-box.default\">\n\t\t\t\t<div class=\"elementor-widget-container\">\n\t\t\t<a class=\"wgl-infobox__link\" href=\"http:\/\/www.united.org.au\/new\/faq\/\"><\/a><div class=\"wgl-infobox\"><div class=\"wgl-infobox_wrapper wgl-layout-top\"><div class=\"media-wrapper img-wrapper\"><figure class=\"wgl-image-box_img\"><span ><img loading=\"lazy\" decoding=\"async\" width=\"360\" height=\"240\" src=\"https:\/\/www.united.org.au\/new\/wp-content\/uploads\/2022\/10\/tax.png\" class=\"attachment-full size-full wp-image-8564\" alt=\"Tax Help Program\" srcset=\"https:\/\/www.united.org.au\/new\/wp-content\/uploads\/2022\/10\/tax.png 360w, https:\/\/www.united.org.au\/new\/wp-content\/uploads\/2022\/10\/tax-300x200.png 300w\" sizes=\"(max-width: 360px) 100vw, 360px\" \/><\/span><\/figure><\/div><div class=\"content_wrapper\"><div class=\"wgl-infobox-title_wrapper\"><h3 class=\"wgl-infobox_title\"><span class=\"wgl-infobox_title-idle\">Tax Help Program <\/span><\/h3><\/div><div class=\"wgl-infobox_content\"><p>Ven a una consulta gratuita con nuestros contadores registrados en la ATO, quienes te ayudar\u00e1n a presentar tu declaraci\u00f3n de impuestos.<\/p><\/div><div class=\"wgl-infobox-button_wrapper\"><div  class=\"wgl-infobox_button button-read-more\"><span>LEER M\u00c1S<\/span><\/div><\/div><\/div><\/div><\/div>\t\t<\/div>\n\t\t\t\t<\/div>\n\t\t\t\t\t<\/div>\n\t\t<\/div>\n\t\t\t\t\t<\/div>\n\t\t<\/section>\n\t\t\t\t<section class=\"elementor-section elementor-top-section elementor-element elementor-element-1a68636 elementor-section-boxed elementor-section-height-default elementor-section-height-default\" data-id=\"1a68636\" data-element_type=\"section\">\n\t\t\t\t\t\t<div class=\"elementor-container elementor-column-gap-default\">\n\t\t\t\t\t<div class=\"elementor-column elementor-col-100 elementor-top-column elementor-element elementor-element-9963f60\" data-id=\"9963f60\" data-element_type=\"column\">\n\t\t\t<div class=\"elementor-widget-wrap elementor-element-populated\">\n\t\t\t\t\t\t<div class=\"elementor-element elementor-element-b86787a elementor-widget elementor-widget-spacer\" data-id=\"b86787a\" data-element_type=\"widget\" data-widget_type=\"spacer.default\">\n\t\t\t\t<div class=\"elementor-widget-container\">\n\t\t\t\t\t<div class=\"elementor-spacer\">\n\t\t\t<div class=\"elementor-spacer-inner\"><\/div>\n\t\t<\/div>\n\t\t\t\t<\/div>\n\t\t\t\t<\/div>\n\t\t\t\t\t<\/div>\n\t\t<\/div>\n\t\t\t\t\t<\/div>\n\t\t<\/section>\n\t\t\t\t<\/div>\n\t\t","protected":false},"excerpt":{"rendered":"<p>Cuidado de Personas Mayores Organizamos una amplia variedad de programas para personas mayores. Solicitar m\u00e1s informaci\u00f3n Paquetes de Atenci\u00f3n Domiciliaria El Programa de Paquetes de Atenci\u00f3n Domiciliaria del Gobierno Australiano te ayuda a vivir de forma independiente en tu propio hogar durante el mayor tiempo posible. LEER M\u00c1S Visitas de Voluntarios Los servicios de apoyo [&hellip;]<\/p>\n","protected":false},"author":1,"featured_media":0,"parent":0,"menu_order":0,"comment_status":"closed","ping_status":"closed","template":"","meta":{"_seopress_robots_primary_cat":"","_seopress_titles_title":"","_seopress_titles_desc":"","_seopress_robots_index":"","_seopress_analysis_target_kw":"","footnotes":""},"class_list":["post-9695","page","type-page","status-publish","hentry"],"_links":{"self":[{"href":"https:\/\/www.united.org.au\/new\/wp-json\/wp\/v2\/pages\/9695"}],"collection":[{"href":"https:\/\/www.united.org.au\/new\/wp-json\/wp\/v2\/pages"}],"about":[{"href":"https:\/\/www.united.org.au\/new\/wp-json\/wp\/v2\/types\/page"}],"author":[{"embeddable":true,"href":"https:\/\/www.united.org.au\/new\/wp-json\/wp\/v2\/users\/1"}],"replies":[{"embeddable":true,"href":"https:\/\/www.united.org.au\/new\/wp-json\/wp\/v2\/comments?post=9695"}],"version-history":[{"count":10,"href":"https:\/\/www.united.org.au\/new\/wp-json\/wp\/v2\/pages\/9695\/revisions"}],"predecessor-version":[{"id":9708,"href":"https:\/\/www.united.org.au\/new\/wp-json\/wp\/v2\/pages\/9695\/revisions\/9708"}],"wp:attachment":[{"href":"https:\/\/www.united.org.au\/new\/wp-json\/wp\/v2\/media?parent=9695"}],"curies":[{"name":"wp","href":"https:\/\/api.w.org\/{rel}","templated":true}]}}