{"id":9709,"date":"2024-11-08T04:53:11","date_gmt":"2024-11-08T04:53:11","guid":{"rendered":"https:\/\/www.united.org.au\/new\/?page_id=9709"},"modified":"2025-03-13T04:58:20","modified_gmt":"2025-03-13T04:58:20","slug":"nuestro-equipo","status":"publish","type":"page","link":"https:\/\/www.united.org.au\/new\/es\/nuestro-equipo\/","title":{"rendered":"Nuestro Equipo"},"content":{"rendered":"\t\t<div data-elementor-type=\"wp-page\" data-elementor-id=\"9709\" class=\"elementor elementor-9709\">\n\t\t\t\t\t\t<section class=\"elementor-section elementor-top-section elementor-element elementor-element-2c9e166 elementor-section-boxed elementor-section-height-default elementor-section-height-default\" data-id=\"2c9e166\" data-element_type=\"section\">\n\t\t\t\t\t\t<div class=\"elementor-container elementor-column-gap-default\">\n\t\t\t\t\t<div class=\"elementor-column elementor-col-100 elementor-top-column elementor-element elementor-element-517e53d\" data-id=\"517e53d\" data-element_type=\"column\">\n\t\t\t<div class=\"elementor-widget-wrap elementor-element-populated\">\n\t\t\t\t\t\t<div class=\"elementor-element elementor-element-ea78c12 elementor-widget elementor-widget-spacer\" data-id=\"ea78c12\" data-element_type=\"widget\" data-widget_type=\"spacer.default\">\n\t\t\t\t<div class=\"elementor-widget-container\">\n\t\t\t\t\t<div class=\"elementor-spacer\">\n\t\t\t<div class=\"elementor-spacer-inner\"><\/div>\n\t\t<\/div>\n\t\t\t\t<\/div>\n\t\t\t\t<\/div>\n\t\t\t\t\t<\/div>\n\t\t<\/div>\n\t\t\t\t\t<\/div>\n\t\t<\/section>\n\t\t\t\t<section class=\"elementor-section elementor-top-section elementor-element elementor-element-9dbcd24 elementor-section-boxed elementor-section-height-default elementor-section-height-default\" data-id=\"9dbcd24\" data-element_type=\"section\">\n\t\t\t\t\t\t<div class=\"elementor-container elementor-column-gap-default\">\n\t\t\t\t\t<div class=\"elementor-column elementor-col-100 elementor-top-column elementor-element elementor-element-5bfe3c5\" data-id=\"5bfe3c5\" data-element_type=\"column\">\n\t\t\t<div class=\"elementor-widget-wrap elementor-element-populated\">\n\t\t\t\t\t\t<div class=\"elementor-element elementor-element-0b70cad acenter elementor-widget elementor-widget-wgl-double-headings\" data-id=\"0b70cad\" data-element_type=\"widget\" data-widget_type=\"wgl-double-headings.default\">\n\t\t\t\t<div class=\"elementor-widget-container\">\n\t\t\t        <div class=\"wgl-double_heading\">                <div class=\"dbl__subtitle\"><span>Equipo de profesionales<\/span>                <\/div><h3 class=\"dbl__title-wrapper\"><span class=\"dbl__title dbl-title_1\">Conoce a Nuestro Consejo Directivo<\/span><\/h3>        <\/div>\t\t<\/div>\n\t\t\t\t<\/div>\n\t\t\t\t\t<\/div>\n\t\t<\/div>\n\t\t\t\t\t<\/div>\n\t\t<\/section>\n\t\t\t\t<section class=\"elementor-section elementor-top-section elementor-element elementor-element-1a079d8 elementor-section-boxed elementor-section-height-default elementor-section-height-default\" data-id=\"1a079d8\" data-element_type=\"section\">\n\t\t\t\t\t\t<div class=\"elementor-container elementor-column-gap-default\">\n\t\t\t\t\t<div class=\"elementor-column elementor-col-100 elementor-top-column elementor-element elementor-element-35e65e5\" data-id=\"35e65e5\" data-element_type=\"column\">\n\t\t\t<div class=\"elementor-widget-wrap elementor-element-populated\">\n\t\t\t\t\t\t<div class=\"elementor-element elementor-element-24aa9e1 elementor-widget elementor-widget-spacer\" data-id=\"24aa9e1\" data-element_type=\"widget\" data-widget_type=\"spacer.default\">\n\t\t\t\t<div class=\"elementor-widget-container\">\n\t\t\t\t\t<div class=\"elementor-spacer\">\n\t\t\t<div class=\"elementor-spacer-inner\"><\/div>\n\t\t<\/div>\n\t\t\t\t<\/div>\n\t\t\t\t<\/div>\n\t\t\t\t\t<\/div>\n\t\t<\/div>\n\t\t\t\t\t<\/div>\n\t\t<\/section>\n\t\t\t\t<section class=\"elementor-section elementor-top-section elementor-element elementor-element-dad1539 elementor-section-boxed elementor-section-height-default elementor-section-height-default\" data-id=\"dad1539\" data-element_type=\"section\">\n\t\t\t\t\t\t<div class=\"elementor-container elementor-column-gap-default\">\n\t\t\t\t\t<div class=\"elementor-column elementor-col-100 elementor-top-column elementor-element elementor-element-7cb02b0\" data-id=\"7cb02b0\" data-element_type=\"column\">\n\t\t\t<div class=\"elementor-widget-wrap elementor-element-populated\">\n\t\t\t\t\t\t<div class=\"elementor-element elementor-element-1666436 elementor-widget elementor-widget-text-editor\" data-id=\"1666436\" data-element_type=\"widget\" data-widget_type=\"text-editor.default\">\n\t\t\t\t<div class=\"elementor-widget-container\">\n\t\t\t\t\t\t\t<p>En United, nuestro Consejo Directivo est\u00e1 compuesto por profesionales dedicados que trabajan en conjunto para guiar a nuestra organizaci\u00f3n en el cumplimiento de su misi\u00f3n de apoyar a la comunidad hispanohablante en Victoria. Cada miembro aporta su experiencia y pasi\u00f3n por el bienestar de nuestros clientes y la mejora continua de nuestros servicios. \u00a1Conoce a los l\u00edderes que hacen posible nuestro impacto en la comunidad!<\/p>\t\t\t\t\t\t<\/div>\n\t\t\t\t<\/div>\n\t\t\t\t\t<\/div>\n\t\t<\/div>\n\t\t\t\t\t<\/div>\n\t\t<\/section>\n\t\t\t\t<section class=\"elementor-section elementor-top-section elementor-element elementor-element-4fdae9f elementor-section-boxed elementor-section-height-default elementor-section-height-default\" data-id=\"4fdae9f\" data-element_type=\"section\">\n\t\t\t\t\t\t<div class=\"elementor-container elementor-column-gap-default\">\n\t\t\t\t\t<div class=\"elementor-column elementor-col-100 elementor-top-column elementor-element elementor-element-7edb920\" data-id=\"7edb920\" data-element_type=\"column\">\n\t\t\t<div class=\"elementor-widget-wrap elementor-element-populated\">\n\t\t\t\t\t\t<div class=\"elementor-element elementor-element-338e273 elementor-widget elementor-widget-wgl-team\" data-id=\"338e273\" data-element_type=\"widget\" data-widget_type=\"wgl-team.default\">\n\t\t\t\t<div class=\"elementor-widget-container\">\n\t\t\t<div class=\"wgl_module_team team-col_3 aleft\"><div class=\"team-items_wrap\"><div class=\"team-item\"><div class=\"team-item_wrap\"><div class=\"team__media-wrapper\"><div class=\"team__image-wrapper\"><a href=\"https:\/\/www.united.org.au\/new\/team\/horatio-sobczuk\/\" class=\"team__image\"><img decoding=\"async\" class=\"team-img\" src=\"https:\/\/www.united.org.au\/new\/wp-content\/uploads\/2020\/09\/blank-720x780.jpg\" alt=\"\" \/><\/a><\/div><\/div><div class=\"team-item_info\"><h2 class=\"team-title\"><a href=\"https:\/\/www.united.org.au\/new\/team\/horatio-sobczuk\/\">Horatio Sobczuk<\/a><\/h2><div class=\"team-item_meta\"><div class=\"team-department\">Treasurer<\/div><\/div><\/div><\/div><\/div><div class=\"team-item\"><div class=\"team-item_wrap\"><div class=\"team__media-wrapper\"><div class=\"team__image-wrapper\"><a href=\"https:\/\/www.united.org.au\/new\/team\/lilian_campos\/\" class=\"team__image\"><img decoding=\"async\" class=\"team-img\" src=\"https:\/\/www.united.org.au\/new\/wp-content\/uploads\/2020\/09\/blank-720x780.jpg\" alt=\"\" \/><\/a><\/div><\/div><div class=\"team-item_info\"><h2 class=\"team-title\"><a href=\"https:\/\/www.united.org.au\/new\/team\/lilian_campos\/\">Lilian Campos<\/a><\/h2><div class=\"team-item_meta\"><div class=\"team-department\">Vice President<\/div><\/div><\/div><\/div><\/div><div class=\"team-item\"><div class=\"team-item_wrap\"><div class=\"team__media-wrapper\"><div class=\"team__image-wrapper\"><div class=\"team__icons\"><span class=\"team-icon fas fa-share-alt\"><\/span><a href=\"https:\/\/www.instagram.com\/victorsuarez.realestate\" class=\"team-icon\"><i class=\"fab fa-instagram\"><\/i><\/a><a href=\"https:\/\/www.facebook.com\/vsuarezrealestate\" class=\"team-icon\"><i class=\"fab fa-facebook\"><\/i><\/a><a href=\"https:\/\/www.linkedin.com\/in\/victorsuarezcuadros\/\" class=\"team-icon\"><i class=\"fab fa-linkedin\"><\/i><\/a><a href=\"https:\/\/suarezrealestate.com.au\/\" class=\"team-icon\"><i class=\"fas fa-globe\"><\/i><\/a><\/div><a href=\"https:\/\/www.united.org.au\/new\/team\/victor_suarez\/\" class=\"team__image\"><img decoding=\"async\" class=\"team-img\" src=\"https:\/\/www.united.org.au\/new\/wp-content\/uploads\/2020\/09\/IMG_20230318_121826_782-720x780.jpg\" alt=\"\" \/><\/a><\/div><\/div><div class=\"team-item_info\"><h2 class=\"team-title\"><a href=\"https:\/\/www.united.org.au\/new\/team\/victor_suarez\/\">Victor Suarez<\/a><\/h2><div class=\"team-item_meta\"><div class=\"team-department\">Executive member<\/div><\/div><\/div><\/div><\/div><div class=\"team-item\"><div class=\"team-item_wrap\"><div class=\"team__media-wrapper\"><div class=\"team__image-wrapper\"><a href=\"https:\/\/www.united.org.au\/new\/team\/sandra-pena\/\" class=\"team__image\"><img decoding=\"async\" class=\"team-img\" src=\"https:\/\/www.united.org.au\/new\/wp-content\/uploads\/2020\/09\/blank-720x780.jpg\" alt=\"\" \/><\/a><\/div><\/div><div class=\"team-item_info\"><h2 class=\"team-title\"><a href=\"https:\/\/www.united.org.au\/new\/team\/sandra-pena\/\">Sandra Pena<\/a><\/h2><div class=\"team-item_meta\"><div class=\"team-department\">President<\/div><\/div><\/div><\/div><\/div><div class=\"team-item\"><div class=\"team-item_wrap\"><div class=\"team__media-wrapper\"><div class=\"team__image-wrapper\"><a href=\"https:\/\/www.united.org.au\/new\/team\/jessica-chinchilla\/\" class=\"team__image\"><img decoding=\"async\" class=\"team-img\" src=\"https:\/\/www.united.org.au\/new\/wp-content\/uploads\/2020\/09\/blank-720x780.jpg\" alt=\"\" \/><\/a><\/div><\/div><div class=\"team-item_info\"><h2 class=\"team-title\"><a href=\"https:\/\/www.united.org.au\/new\/team\/jessica-chinchilla\/\">Jessica Chinchilla<\/a><\/h2><div class=\"team-item_meta\"><div class=\"team-department\">Clinical Governance Leader<\/div><\/div><\/div><\/div><\/div><div class=\"team-item\"><div class=\"team-item_wrap\"><div class=\"team__media-wrapper\"><div class=\"team__image-wrapper\"><a href=\"https:\/\/www.united.org.au\/new\/team\/luz-sanchez\/\" class=\"team__image\"><img decoding=\"async\" class=\"team-img\" src=\"https:\/\/www.united.org.au\/new\/wp-content\/uploads\/2020\/09\/blank-720x780.jpg\" alt=\"\" \/><\/a><\/div><\/div><div class=\"team-item_info\"><h2 class=\"team-title\"><a href=\"https:\/\/www.united.org.au\/new\/team\/luz-sanchez\/\">Luz Sanchez<\/a><\/h2><div class=\"team-item_meta\"><div class=\"team-department\">Executive member<\/div><\/div><\/div><\/div><\/div><\/div><\/div>\t\t<\/div>\n\t\t\t\t<\/div>\n\t\t\t\t\t<\/div>\n\t\t<\/div>\n\t\t\t\t\t<\/div>\n\t\t<\/section>\n\t\t\t\t<\/div>\n\t\t","protected":false},"excerpt":{"rendered":"<p>Equipo de profesionales Conoce a Nuestro Consejo Directivo En United, nuestro Consejo Directivo est\u00e1 compuesto por profesionales dedicados que trabajan en conjunto para guiar a nuestra organizaci\u00f3n en el cumplimiento de su misi\u00f3n de apoyar a la comunidad hispanohablante en Victoria. Cada miembro aporta su experiencia y pasi\u00f3n por el bienestar de nuestros clientes y [&hellip;]<\/p>\n","protected":false},"author":1,"featured_media":0,"parent":0,"menu_order":0,"comment_status":"closed","ping_status":"closed","template":"","meta":{"_seopress_robots_primary_cat":"","_seopress_titles_title":"","_seopress_titles_desc":"","_seopress_robots_index":"","_seopress_analysis_target_kw":"","footnotes":""},"class_list":["post-9709","page","type-page","status-publish","hentry"],"_links":{"self":[{"href":"https:\/\/www.united.org.au\/new\/wp-json\/wp\/v2\/pages\/9709"}],"collection":[{"href":"https:\/\/www.united.org.au\/new\/wp-json\/wp\/v2\/pages"}],"about":[{"href":"https:\/\/www.united.org.au\/new\/wp-json\/wp\/v2\/types\/page"}],"author":[{"embeddable":true,"href":"https:\/\/www.united.org.au\/new\/wp-json\/wp\/v2\/users\/1"}],"replies":[{"embeddable":true,"href":"https:\/\/www.united.org.au\/new\/wp-json\/wp\/v2\/comments?post=9709"}],"version-history":[{"count":7,"href":"https:\/\/www.united.org.au\/new\/wp-json\/wp\/v2\/pages\/9709\/revisions"}],"predecessor-version":[{"id":9987,"href":"https:\/\/www.united.org.au\/new\/wp-json\/wp\/v2\/pages\/9709\/revisions\/9987"}],"wp:attachment":[{"href":"https:\/\/www.united.org.au\/new\/wp-json\/wp\/v2\/media?parent=9709"}],"curies":[{"name":"wp","href":"https:\/\/api.w.org\/{rel}","templated":true}]}}