{"id":9728,"date":"2024-11-08T05:04:34","date_gmt":"2024-11-08T05:04:34","guid":{"rendered":"https:\/\/www.united.org.au\/new\/?page_id=9728"},"modified":"2025-03-14T02:31:30","modified_gmt":"2025-03-14T02:31:30","slug":"vacantes","status":"publish","type":"page","link":"https:\/\/www.united.org.au\/new\/es\/vacantes\/","title":{"rendered":"Vacantes"},"content":{"rendered":"\t\t<div data-elementor-type=\"wp-page\" data-elementor-id=\"9728\" class=\"elementor elementor-9728\">\n\t\t\t\t\t\t<section class=\"elementor-section elementor-top-section elementor-element elementor-element-094d4cd elementor-section-boxed elementor-section-height-default elementor-section-height-default\" data-id=\"094d4cd\" data-element_type=\"section\">\n\t\t\t\t\t\t<div class=\"elementor-container elementor-column-gap-default\">\n\t\t\t\t\t<div class=\"elementor-column elementor-col-50 elementor-top-column elementor-element elementor-element-2ca9df9\" data-id=\"2ca9df9\" data-element_type=\"column\">\n\t\t\t<div class=\"elementor-widget-wrap elementor-element-populated\">\n\t\t\t\t\t\t<div class=\"elementor-element elementor-element-405804f aleft elementor-widget elementor-widget-wgl-double-headings\" data-id=\"405804f\" data-element_type=\"widget\" data-widget_type=\"wgl-double-headings.default\">\n\t\t\t\t<div class=\"elementor-widget-container\">\n\t\t\t        <div class=\"wgl-double_heading\">                <div class=\"dbl__subtitle\"><span>\u00a1Te Esperan Oportunidades de Carrera! Carrera!<\/span>                <\/div><h3 class=\"dbl__title-wrapper\"><span class=\"dbl__title dbl-title_1\">Descubre tu Futuro en United<\/span><\/h3>        <\/div>\t\t<\/div>\n\t\t\t\t<\/div>\n\t\t\t\t<div class=\"elementor-element elementor-element-c8381e8 elementor-widget elementor-widget-text-editor\" data-id=\"c8381e8\" data-element_type=\"widget\" data-widget_type=\"text-editor.default\">\n\t\t\t\t<div class=\"elementor-widget-container\">\n\t\t\t\t\t\t\t<p>\u00bfEst\u00e1s listo para hacer un impacto significativo en una comunidad que valora la diversidad y la inclusi\u00f3n? En United, ofrecemos una variedad de oportunidades de carrera que te permiten aprovechar tus habilidades y pasi\u00f3n en un ambiente de apoyo. Revisa nuestras ofertas de empleo hoy y encuentra el rol que se ajuste no solo a tus objetivos profesionales, sino tambi\u00e9n a tu deseo de marcar la diferencia. \u00a1Empieza tu camino con United y s\u00e9 parte de algo m\u00e1s grande!<\/p>\t\t\t\t\t\t<\/div>\n\t\t\t\t<\/div>\n\t\t\t\t<div class=\"elementor-element elementor-element-fa18953 elementor-widget elementor-widget-spacer\" data-id=\"fa18953\" data-element_type=\"widget\" data-widget_type=\"spacer.default\">\n\t\t\t\t<div class=\"elementor-widget-container\">\n\t\t\t\t\t<div class=\"elementor-spacer\">\n\t\t\t<div class=\"elementor-spacer-inner\"><\/div>\n\t\t<\/div>\n\t\t\t\t<\/div>\n\t\t\t\t<\/div>\n\t\t\t\t\t<\/div>\n\t\t<\/div>\n\t\t\t\t<div class=\"elementor-column elementor-col-50 elementor-top-column elementor-element elementor-element-ec455c8\" data-id=\"ec455c8\" data-element_type=\"column\" data-settings=\"{&quot;background_background&quot;:&quot;slideshow&quot;,&quot;background_slideshow_gallery&quot;:[],&quot;background_slideshow_loop&quot;:&quot;yes&quot;,&quot;background_slideshow_slide_duration&quot;:5000,&quot;background_slideshow_slide_transition&quot;:&quot;fade&quot;,&quot;background_slideshow_transition_duration&quot;:500}\">\n\t\t\t<div class=\"elementor-widget-wrap elementor-element-populated\">\n\t\t\t\t\t\t<div class=\"elementor-element elementor-element-489b70d elementor-widget__width-initial elementor-widget elementor-widget-image-carousel\" data-id=\"489b70d\" data-element_type=\"widget\" data-settings=\"{&quot;slides_to_show&quot;:&quot;1&quot;,&quot;navigation&quot;:&quot;none&quot;,&quot;autoplay&quot;:&quot;yes&quot;,&quot;pause_on_hover&quot;:&quot;yes&quot;,&quot;pause_on_interaction&quot;:&quot;yes&quot;,&quot;autoplay_speed&quot;:5000,&quot;infinite&quot;:&quot;yes&quot;,&quot;effect&quot;:&quot;slide&quot;,&quot;speed&quot;:500}\" data-widget_type=\"image-carousel.default\">\n\t\t\t\t<div class=\"elementor-widget-container\">\n\t\t\t\t\t<div class=\"elementor-image-carousel-wrapper swiper\" dir=\"ltr\">\n\t\t\t<div class=\"elementor-image-carousel swiper-wrapper\" aria-live=\"off\">\n\t\t\t\t\t\t\t\t<div class=\"swiper-slide\" role=\"group\" aria-roledescription=\"slide\" aria-label=\"1 of 10\"><figure class=\"swiper-slide-inner\"><img decoding=\"async\" class=\"swiper-slide-image\" src=\"https:\/\/www.united.org.au\/new\/wp-content\/uploads\/2025\/03\/447264459_854924910011176_4700760708631287382_n-300x300.jpg\" alt=\"447264459_854924910011176_4700760708631287382_n\" \/><\/figure><\/div><div class=\"swiper-slide\" role=\"group\" aria-roledescription=\"slide\" aria-label=\"2 of 10\"><figure class=\"swiper-slide-inner\"><img decoding=\"async\" class=\"swiper-slide-image\" src=\"https:\/\/www.united.org.au\/new\/wp-content\/uploads\/2025\/03\/483490298_4115486878685082_8726885868416816803_n-300x225.jpg\" alt=\"483490298_4115486878685082_8726885868416816803_n\" \/><\/figure><\/div><div class=\"swiper-slide\" role=\"group\" aria-roledescription=\"slide\" aria-label=\"3 of 10\"><figure class=\"swiper-slide-inner\"><img decoding=\"async\" class=\"swiper-slide-image\" src=\"https:\/\/www.united.org.au\/new\/wp-content\/uploads\/2025\/03\/1733363823222-300x300.jpg\" alt=\"1733363823222\" \/><\/figure><\/div><div class=\"swiper-slide\" role=\"group\" aria-roledescription=\"slide\" aria-label=\"4 of 10\"><figure class=\"swiper-slide-inner\"><img decoding=\"async\" class=\"swiper-slide-image\" src=\"https:\/\/www.united.org.au\/new\/wp-content\/uploads\/2024\/10\/volunteer-300x225.png\" alt=\"volunteer\" \/><\/figure><\/div><div class=\"swiper-slide\" role=\"group\" aria-roledescription=\"slide\" aria-label=\"5 of 10\"><figure class=\"swiper-slide-inner\"><img decoding=\"async\" class=\"swiper-slide-image\" src=\"https:\/\/www.united.org.au\/new\/wp-content\/uploads\/2024\/05\/hands-support-work-300x199.png\" alt=\"hands support work\" \/><\/figure><\/div><div class=\"swiper-slide\" role=\"group\" aria-roledescription=\"slide\" aria-label=\"6 of 10\"><figure class=\"swiper-slide-inner\"><img decoding=\"async\" class=\"swiper-slide-image\" src=\"https:\/\/www.united.org.au\/new\/wp-content\/uploads\/2024\/04\/suport-worker-and-client-300x199.jpg\" alt=\"suport worker and client\" \/><\/figure><\/div><div class=\"swiper-slide\" role=\"group\" aria-roledescription=\"slide\" aria-label=\"7 of 10\"><figure class=\"swiper-slide-inner\"><img decoding=\"async\" class=\"swiper-slide-image\" src=\"https:\/\/www.united.org.au\/new\/wp-content\/uploads\/2024\/04\/HCP-step-5-300x226.png\" alt=\"HCP step 5\" \/><\/figure><\/div><div class=\"swiper-slide\" role=\"group\" aria-roledescription=\"slide\" aria-label=\"8 of 10\"><figure class=\"swiper-slide-inner\"><img decoding=\"async\" class=\"swiper-slide-image\" src=\"https:\/\/www.united.org.au\/new\/wp-content\/uploads\/2024\/02\/IMG-20220413-WA0020-1-225x300.jpg\" alt=\"IMG-20220413-WA0020 (1)\" \/><\/figure><\/div><div class=\"swiper-slide\" role=\"group\" aria-roledescription=\"slide\" aria-label=\"9 of 10\"><figure class=\"swiper-slide-inner\"><img decoding=\"async\" class=\"swiper-slide-image\" src=\"https:\/\/www.united.org.au\/new\/wp-content\/uploads\/2024\/02\/7-1-300x225.jpg\" alt=\"7 (1)\" \/><\/figure><\/div><div class=\"swiper-slide\" role=\"group\" aria-roledescription=\"slide\" aria-label=\"10 of 10\"><figure class=\"swiper-slide-inner\"><img decoding=\"async\" class=\"swiper-slide-image\" src=\"https:\/\/www.united.org.au\/new\/wp-content\/uploads\/2022\/09\/slide-2-bg-300x90.png\" alt=\"slide 2 bg\" \/><\/figure><\/div>\t\t\t<\/div>\n\t\t\t\t\t\t\t\n\t\t\t\t\t\t\t\t\t<\/div>\n\t\t\t\t<\/div>\n\t\t\t\t<\/div>\n\t\t\t\t\t<\/div>\n\t\t<\/div>\n\t\t\t\t\t<\/div>\n\t\t<\/section>\n\t\t\t\t<section class=\"elementor-section elementor-top-section elementor-element elementor-element-e539b07 elementor-section-boxed elementor-section-height-default elementor-section-height-default\" data-id=\"e539b07\" data-element_type=\"section\">\n\t\t\t\t\t\t<div class=\"elementor-container elementor-column-gap-default\">\n\t\t\t\t\t<div class=\"elementor-column elementor-col-100 elementor-top-column elementor-element elementor-element-a1fdcc7\" data-id=\"a1fdcc7\" data-element_type=\"column\">\n\t\t\t<div class=\"elementor-widget-wrap elementor-element-populated\">\n\t\t\t\t\t\t<div class=\"elementor-element elementor-element-001d328 elementor-widget elementor-widget-wgl-portfolio\" data-id=\"001d328\" data-element_type=\"widget\" data-widget_type=\"wgl-portfolio.default\">\n\t\t\t\t<div class=\"elementor-widget-container\">\n\t\t\t<section class=\"wgl_cpt_section\"><div class=\"wgl-portfolio\" id=\"portfolio_module_6a04b6e2cc34e\"><div class=\"wgl-portfolio_wrapper\"><div class=\"wgl-portfolio_container container-grid row grid col-3\"  style=\"margin-right:-15px; margin-left:-15px; margin-bottom:-30px;\"><article class=\"wgl-portfolio-list_item item  vacancies\"  style=\"padding-right:15px; padding-left:15px; padding-bottom:30px\"><div class=\"wgl-portfolio-item_wrapper under_image\"><div class=\"wgl-portfolio-item_image\"><img decoding=\"async\"\n            src=\"https:\/\/www.united.org.au\/new\/wp-content\/uploads\/2024\/04\/images-740x740.jpg\" alt=\"\"><div class=\"overlay\"><\/div><a href=\"https:\/\/www.united.org.au\/new\/portfolio\/support-worker-position\/\" class=\"single_link portfolio_link\"><\/a><\/div><div class=\"wgl-portfolio-item_description\"><div class=\"portfolio__description\"><div class=\"portfolio-item__title\"><h4 class=\"title\"><a href=\"https:\/\/www.united.org.au\/new\/portfolio\/support-worker-position\/\" class=\"single_link\">Support Worker Position<\/a><\/h4><\/div><\/div><\/div><\/div><\/article><article class=\"wgl-portfolio-list_item item  vacancies\"  style=\"padding-right:15px; padding-left:15px; padding-bottom:30px\"><div class=\"wgl-portfolio-item_wrapper under_image\"><div class=\"wgl-portfolio-item_image\"><img decoding=\"async\"\n            src=\"https:\/\/www.united.org.au\/new\/wp-content\/uploads\/2024\/04\/Ageless-care-domestic-assistance-740x740.webp\" alt=\"\"><div class=\"overlay\"><\/div><a href=\"https:\/\/www.united.org.au\/new\/portfolio\/domestic-assistance-position\/\" class=\"single_link portfolio_link\"><\/a><\/div><div class=\"wgl-portfolio-item_description\"><div class=\"portfolio__description\"><div class=\"portfolio-item__title\"><h4 class=\"title\"><a href=\"https:\/\/www.united.org.au\/new\/portfolio\/domestic-assistance-position\/\" class=\"single_link\">Domestic assistance position<\/a><\/h4><\/div><\/div><\/div><\/div><\/article><\/div><\/div><\/div><\/section>\t\t<\/div>\n\t\t\t\t<\/div>\n\t\t\t\t\t<\/div>\n\t\t<\/div>\n\t\t\t\t\t<\/div>\n\t\t<\/section>\n\t\t\t\t<\/div>\n\t\t","protected":false},"excerpt":{"rendered":"<p>\u00a1Te Esperan Oportunidades de Carrera! Carrera! Descubre tu Futuro en United \u00bfEst\u00e1s listo para hacer un impacto significativo en una comunidad que valora la diversidad y la inclusi\u00f3n? En United, ofrecemos una variedad de oportunidades de carrera que te permiten aprovechar tus habilidades y pasi\u00f3n en un ambiente de apoyo. Revisa nuestras ofertas de empleo [&hellip;]<\/p>\n","protected":false},"author":1,"featured_media":0,"parent":0,"menu_order":0,"comment_status":"closed","ping_status":"closed","template":"","meta":{"_seopress_robots_primary_cat":"","_seopress_titles_title":"","_seopress_titles_desc":"","_seopress_robots_index":"","_seopress_analysis_target_kw":"","footnotes":""},"class_list":["post-9728","page","type-page","status-publish","hentry"],"_links":{"self":[{"href":"https:\/\/www.united.org.au\/new\/wp-json\/wp\/v2\/pages\/9728"}],"collection":[{"href":"https:\/\/www.united.org.au\/new\/wp-json\/wp\/v2\/pages"}],"about":[{"href":"https:\/\/www.united.org.au\/new\/wp-json\/wp\/v2\/types\/page"}],"author":[{"embeddable":true,"href":"https:\/\/www.united.org.au\/new\/wp-json\/wp\/v2\/users\/1"}],"replies":[{"embeddable":true,"href":"https:\/\/www.united.org.au\/new\/wp-json\/wp\/v2\/comments?post=9728"}],"version-history":[{"count":28,"href":"https:\/\/www.united.org.au\/new\/wp-json\/wp\/v2\/pages\/9728\/revisions"}],"predecessor-version":[{"id":10135,"href":"https:\/\/www.united.org.au\/new\/wp-json\/wp\/v2\/pages\/9728\/revisions\/10135"}],"wp:attachment":[{"href":"https:\/\/www.united.org.au\/new\/wp-json\/wp\/v2\/media?parent=9728"}],"curies":[{"name":"wp","href":"https:\/\/api.w.org\/{rel}","templated":true}]}}